{"id":3006,"date":"2019-07-04T21:57:09","date_gmt":"2019-07-04T19:57:09","guid":{"rendered":"http:\/\/atas.devsrvr.net\/prodotto\/forlega\/"},"modified":"2022-07-04T09:53:15","modified_gmt":"2022-07-04T07:53:15","slug":"forlega","status":"publish","type":"product","link":"https:\/\/www.atassrl.it\/de\/produkt\/forlega\/","title":{"rendered":"FORLEGA"},"content":{"rendered":"<p>Hochwirksam bei Oxiden und Staub, die von Bremsbel\u00e4gen freigesetzt werden, hinterl\u00e4sst es gl\u00e4nzende Oberfl\u00e4chen, ohne zu b\u00fcrsten. Auch f\u00fcr verchromte, vernickelte und Aluminiumteile geeignet. Auf S\u00e4urebasis enth\u00e4lt es Korrosionsinhibitoren. Vermeiden Sie die Verwendung auf speziellen oder lackierten Felgen von Autos, Motorr\u00e4dern und Rollern sowie auf Kunststoff-Radkappen.<\/p>\n","protected":false},"excerpt":{"rendered":"<p>REINIGUNGSMITTEL F\u00dcR LEGIERUNGSFELGEN<\/p>\n","protected":false},"featured_media":8216,"template":"","meta":{"_acf_changed":false,"_seopress_robots_primary_cat":"","_seopress_titles_title":"","_seopress_titles_desc":"","_seopress_robots_index":"","_seopress_analysis_target_kw":""},"product_brand":[],"product_cat":[185,729],"product_tag":[],"class_list":{"0":"post-3006","1":"product","2":"type-product","3":"status-publish","4":"has-post-thumbnail","6":"product_cat-linea-atascar-de","7":"product_cat-reifen-und-rader","9":"first","10":"instock","11":"shipping-taxable","12":"product-type-simple"},"acf":[],"_links":{"self":[{"href":"https:\/\/www.atassrl.it\/de\/wp-json\/wp\/v2\/product\/3006","targetHints":{"allow":["GET"]}}],"collection":[{"href":"https:\/\/www.atassrl.it\/de\/wp-json\/wp\/v2\/product"}],"about":[{"href":"https:\/\/www.atassrl.it\/de\/wp-json\/wp\/v2\/types\/product"}],"wp:featuredmedia":[{"embeddable":true,"href":"https:\/\/www.atassrl.it\/de\/wp-json\/wp\/v2\/media\/8216"}],"wp:attachment":[{"href":"https:\/\/www.atassrl.it\/de\/wp-json\/wp\/v2\/media?parent=3006"}],"wp:term":[{"taxonomy":"product_brand","embeddable":true,"href":"https:\/\/www.atassrl.it\/de\/wp-json\/wp\/v2\/product_brand?post=3006"},{"taxonomy":"product_cat","embeddable":true,"href":"https:\/\/www.atassrl.it\/de\/wp-json\/wp\/v2\/product_cat?post=3006"},{"taxonomy":"product_tag","embeddable":true,"href":"https:\/\/www.atassrl.it\/de\/wp-json\/wp\/v2\/product_tag?post=3006"}],"curies":[{"name":"wp","href":"https:\/\/api.w.org\/{rel}","templated":true}]}}