{"id":3009,"date":"2019-07-04T21:59:49","date_gmt":"2019-07-04T19:59:49","guid":{"rendered":"http:\/\/atas.devsrvr.net\/prodotto\/arigen\/"},"modified":"2022-07-06T14:52:42","modified_gmt":"2022-07-06T12:52:42","slug":"arigen","status":"publish","type":"product","link":"https:\/\/www.atassrl.it\/de\/produkt\/arigen\/","title":{"rendered":"ARIGEN"},"content":{"rendered":"<p style=\"font-weight: 400;\">Es beseitigt effektiv unangenehme Ger\u00fcche durch Tiere, Rauch, Schimmel, Frittiertes, Schwei\u00df usw. und hinterl\u00e4sst einen angenehmen Duft. Geeignet f\u00fcr Autos, Badezimmer und Umgebungen im Allgemeinen. Nicht auf Wildleder, Leder, Pelzstoffen verwenden. Im Zweifelsfall empfiehlt sich ein Kompatibilit\u00e4tstest.<\/p>\n","protected":false},"excerpt":{"rendered":"<div><b><span lang=\"DE\">GERUCHSNEUTRALISATOR<\/span><\/b><\/div>\n","protected":false},"featured_media":8809,"template":"","meta":{"_acf_changed":false,"_seopress_robots_primary_cat":"","_seopress_titles_title":"","_seopress_titles_desc":"","_seopress_robots_index":"","_seopress_analysis_target_kw":""},"product_brand":[],"product_cat":[185],"product_tag":[],"class_list":{"0":"post-3009","1":"product","2":"type-product","3":"status-publish","4":"has-post-thumbnail","6":"product_cat-linea-atascar-de","8":"first","9":"instock","10":"shipping-taxable","11":"product-type-simple"},"acf":[],"_links":{"self":[{"href":"https:\/\/www.atassrl.it\/de\/wp-json\/wp\/v2\/product\/3009","targetHints":{"allow":["GET"]}}],"collection":[{"href":"https:\/\/www.atassrl.it\/de\/wp-json\/wp\/v2\/product"}],"about":[{"href":"https:\/\/www.atassrl.it\/de\/wp-json\/wp\/v2\/types\/product"}],"wp:featuredmedia":[{"embeddable":true,"href":"https:\/\/www.atassrl.it\/de\/wp-json\/wp\/v2\/media\/8809"}],"wp:attachment":[{"href":"https:\/\/www.atassrl.it\/de\/wp-json\/wp\/v2\/media?parent=3009"}],"wp:term":[{"taxonomy":"product_brand","embeddable":true,"href":"https:\/\/www.atassrl.it\/de\/wp-json\/wp\/v2\/product_brand?post=3009"},{"taxonomy":"product_cat","embeddable":true,"href":"https:\/\/www.atassrl.it\/de\/wp-json\/wp\/v2\/product_cat?post=3009"},{"taxonomy":"product_tag","embeddable":true,"href":"https:\/\/www.atassrl.it\/de\/wp-json\/wp\/v2\/product_tag?post=3009"}],"curies":[{"name":"wp","href":"https:\/\/api.w.org\/{rel}","templated":true}]}}