{"id":3012,"date":"2019-07-04T22:02:16","date_gmt":"2019-07-04T20:02:16","guid":{"rendered":"http:\/\/atas.devsrvr.net\/prodotto\/perfume\/"},"modified":"2022-06-30T16:22:38","modified_gmt":"2022-06-30T14:22:38","slug":"perfume","status":"publish","type":"product","link":"https:\/\/www.atassrl.it\/de\/produkt\/perfume\/","title":{"rendered":"PERFUME"},"content":{"rendered":"<p>Es erneuert, erfrischt und desodoriert die Luft und beseitigt schlechte Ger\u00fcche. Geeignet f\u00fcr Autos, B\u00fcros, Badezimmer und \u00fcberf\u00fcllte Orte. Es enth\u00e4lt keine Allergene und ist in verschiedenen Duftrichtungen erh\u00e4ltlich.<\/p>\n","protected":false},"excerpt":{"rendered":"<p>LUFTERFRISCHER SPR\u00dcHEN<\/p>\n","protected":false},"featured_media":8814,"template":"","meta":{"_acf_changed":false,"_seopress_robots_primary_cat":"","_seopress_titles_title":"","_seopress_titles_desc":"","_seopress_robots_index":"","_seopress_analysis_target_kw":""},"product_brand":[],"product_cat":[185],"product_tag":[],"class_list":{"0":"post-3012","1":"product","2":"type-product","3":"status-publish","4":"has-post-thumbnail","6":"product_cat-linea-atascar-de","8":"first","9":"instock","10":"shipping-taxable","11":"product-type-simple"},"acf":[],"_links":{"self":[{"href":"https:\/\/www.atassrl.it\/de\/wp-json\/wp\/v2\/product\/3012","targetHints":{"allow":["GET"]}}],"collection":[{"href":"https:\/\/www.atassrl.it\/de\/wp-json\/wp\/v2\/product"}],"about":[{"href":"https:\/\/www.atassrl.it\/de\/wp-json\/wp\/v2\/types\/product"}],"wp:featuredmedia":[{"embeddable":true,"href":"https:\/\/www.atassrl.it\/de\/wp-json\/wp\/v2\/media\/8814"}],"wp:attachment":[{"href":"https:\/\/www.atassrl.it\/de\/wp-json\/wp\/v2\/media?parent=3012"}],"wp:term":[{"taxonomy":"product_brand","embeddable":true,"href":"https:\/\/www.atassrl.it\/de\/wp-json\/wp\/v2\/product_brand?post=3012"},{"taxonomy":"product_cat","embeddable":true,"href":"https:\/\/www.atassrl.it\/de\/wp-json\/wp\/v2\/product_cat?post=3012"},{"taxonomy":"product_tag","embeddable":true,"href":"https:\/\/www.atassrl.it\/de\/wp-json\/wp\/v2\/product_tag?post=3012"}],"curies":[{"name":"wp","href":"https:\/\/api.w.org\/{rel}","templated":true}]}}