{"id":3017,"date":"2019-07-04T22:05:59","date_gmt":"2019-07-04T20:05:59","guid":{"rendered":"http:\/\/atas.devsrvr.net\/prodotto\/penetrus\/"},"modified":"2022-06-30T12:06:58","modified_gmt":"2022-06-30T10:06:58","slug":"penetrus","status":"publish","type":"product","link":"https:\/\/www.atassrl.it\/de\/produkt\/penetrus\/","title":{"rendered":"PENETRUS"},"content":{"rendered":"<p>Es l\u00f6st leicht verrostete Schrauben, Bolzen und mechanische Teile. Es dringt ein und l\u00f6st Verkrustungen, beseitigt Reibung und Quietschen von Scharnieren, Schl\u00f6ssern und Ketten und verhindert deren Verriegelung auch bei Frost. Es entfettet und reinigt, indem es Verkrustungen von \u00d6l und Fett l\u00f6st. Mit Korrosions- und Rostschutzwirkung auch in Gegenwart von Feuchtigkeit, Meerwasser und Salz. Es eignet sich zum Schutz von Spulen, Verteilern, Batterieklemmen und elektrischen Teilen im Allgemeinen. Wasserabweisend, reaktiviert es die elektrischen Kontakte, ohne ihre Leitf\u00e4higkeit zu ver\u00e4ndern.<\/p>\n","protected":false},"excerpt":{"rendered":"<p>L\u00d6SUNGSMITTEL<\/p>\n","protected":false},"featured_media":8395,"template":"","meta":{"_acf_changed":false,"_seopress_robots_primary_cat":"","_seopress_titles_title":"","_seopress_titles_desc":"","_seopress_robots_index":"","_seopress_analysis_target_kw":""},"product_brand":[],"product_cat":[215,185],"product_tag":[],"class_list":{"0":"post-3017","1":"product","2":"type-product","3":"status-publish","4":"has-post-thumbnail","6":"product_cat-instandhaltung","7":"product_cat-linea-atascar-de","9":"first","10":"instock","11":"shipping-taxable","12":"product-type-variable"},"acf":[],"_links":{"self":[{"href":"https:\/\/www.atassrl.it\/de\/wp-json\/wp\/v2\/product\/3017","targetHints":{"allow":["GET"]}}],"collection":[{"href":"https:\/\/www.atassrl.it\/de\/wp-json\/wp\/v2\/product"}],"about":[{"href":"https:\/\/www.atassrl.it\/de\/wp-json\/wp\/v2\/types\/product"}],"wp:featuredmedia":[{"embeddable":true,"href":"https:\/\/www.atassrl.it\/de\/wp-json\/wp\/v2\/media\/8395"}],"wp:attachment":[{"href":"https:\/\/www.atassrl.it\/de\/wp-json\/wp\/v2\/media?parent=3017"}],"wp:term":[{"taxonomy":"product_brand","embeddable":true,"href":"https:\/\/www.atassrl.it\/de\/wp-json\/wp\/v2\/product_brand?post=3017"},{"taxonomy":"product_cat","embeddable":true,"href":"https:\/\/www.atassrl.it\/de\/wp-json\/wp\/v2\/product_cat?post=3017"},{"taxonomy":"product_tag","embeddable":true,"href":"https:\/\/www.atassrl.it\/de\/wp-json\/wp\/v2\/product_tag?post=3017"}],"curies":[{"name":"wp","href":"https:\/\/api.w.org\/{rel}","templated":true}]}}