{"id":3024,"date":"2019-07-04T22:08:57","date_gmt":"2019-07-04T20:08:57","guid":{"rendered":"http:\/\/atas.devsrvr.net\/prodotto\/fluigraf\/"},"modified":"2022-06-30T14:54:36","modified_gmt":"2022-06-30T12:54:36","slug":"fluigraf","status":"publish","type":"product","link":"https:\/\/www.atassrl.it\/de\/produkt\/fluigraf\/","title":{"rendered":"FLUIGRAF"},"content":{"rendered":"<p>Basierend auf Substanzen mit hoher Verankerungskraft sorgt es f\u00fcr dauerhaften Schutz vor Rost und Salz. Es h\u00e4rtet nicht aus, ist nicht waschbar und beseitigt das Quietschen der Armbr\u00fcste. Tragen Sie mit einer Airbrush gleichm\u00e4\u00dfig eine d\u00fcnne Schicht auf, ohne zu viel zu machen. L\u00f6sungsmittelfrei.<\/p>\n","protected":false},"excerpt":{"rendered":"<p>UNTERBODENSCHUTZMITTEL<\/p>\n","protected":false},"featured_media":8707,"template":"","meta":{"_acf_changed":false,"_seopress_robots_primary_cat":"","_seopress_titles_title":"","_seopress_titles_desc":"","_seopress_robots_index":"","_seopress_analysis_target_kw":""},"product_brand":[],"product_cat":[215],"product_tag":[],"class_list":{"0":"post-3024","1":"product","2":"type-product","3":"status-publish","4":"has-post-thumbnail","6":"product_cat-instandhaltung","8":"first","9":"instock","10":"shipping-taxable","11":"product-type-simple"},"acf":[],"_links":{"self":[{"href":"https:\/\/www.atassrl.it\/de\/wp-json\/wp\/v2\/product\/3024","targetHints":{"allow":["GET"]}}],"collection":[{"href":"https:\/\/www.atassrl.it\/de\/wp-json\/wp\/v2\/product"}],"about":[{"href":"https:\/\/www.atassrl.it\/de\/wp-json\/wp\/v2\/types\/product"}],"wp:featuredmedia":[{"embeddable":true,"href":"https:\/\/www.atassrl.it\/de\/wp-json\/wp\/v2\/media\/8707"}],"wp:attachment":[{"href":"https:\/\/www.atassrl.it\/de\/wp-json\/wp\/v2\/media?parent=3024"}],"wp:term":[{"taxonomy":"product_brand","embeddable":true,"href":"https:\/\/www.atassrl.it\/de\/wp-json\/wp\/v2\/product_brand?post=3024"},{"taxonomy":"product_cat","embeddable":true,"href":"https:\/\/www.atassrl.it\/de\/wp-json\/wp\/v2\/product_cat?post=3024"},{"taxonomy":"product_tag","embeddable":true,"href":"https:\/\/www.atassrl.it\/de\/wp-json\/wp\/v2\/product_tag?post=3024"}],"curies":[{"name":"wp","href":"https:\/\/api.w.org\/{rel}","templated":true}]}}