{"id":3027,"date":"2019-07-04T22:13:14","date_gmt":"2019-07-04T20:13:14","guid":{"rendered":"http:\/\/atas.devsrvr.net\/prodotto\/galar\/"},"modified":"2022-07-04T13:44:33","modified_gmt":"2022-07-04T11:44:33","slug":"galar","status":"publish","type":"product","link":"https:\/\/www.atassrl.it\/de\/produkt\/galar\/","title":{"rendered":"GALAR"},"content":{"rendered":"<p style=\"font-weight: 400;\">Sch\u00fctzt, haftet, versiegelt, h\u00e4lt lange stand, auch bei besonders beanspruchten Teilen. Es rei\u00dft nicht, ist nicht waschbar, h\u00e4rtet nicht aus und ist ein hervorragendes Antioxidans. Empfohlen f\u00fcr Buchsen, Gewinde, Lager, Ketten, Maschinen, Werkzeuge, landwirtschaftliche und Stra\u00dfenfahrzeuge und f\u00fcr alle Gegenst\u00e4nde, die sich bewegen oder Verschlei\u00df und Reibung ausgesetzt sind. Auch f\u00fcr den nautischen Bereich geeignet, da es eine viskose Schicht bildet, die die behandelten Teile vor Wasser, Salz und Witterungseinfl\u00fcssen sch\u00fctzt. Es beh\u00e4lt seine Eigenschaften \u00fcber einen weiten Temperaturbereich unver\u00e4ndert bei.<\/p>\n","protected":false},"excerpt":{"rendered":"<p>HAFTSCHMIERFETT<\/p>\n","protected":false},"featured_media":8441,"template":"","meta":{"_acf_changed":false,"_seopress_robots_primary_cat":"","_seopress_titles_title":"","_seopress_titles_desc":"","_seopress_robots_index":"","_seopress_analysis_target_kw":""},"product_brand":[],"product_cat":[185,208],"product_tag":[],"class_list":{"0":"post-3027","1":"product","2":"type-product","3":"status-publish","4":"has-post-thumbnail","6":"product_cat-linea-atascar-de","7":"product_cat-schmierstoffe","9":"first","10":"outofstock","11":"shipping-taxable","12":"product-type-simple"},"acf":[],"_links":{"self":[{"href":"https:\/\/www.atassrl.it\/de\/wp-json\/wp\/v2\/product\/3027","targetHints":{"allow":["GET"]}}],"collection":[{"href":"https:\/\/www.atassrl.it\/de\/wp-json\/wp\/v2\/product"}],"about":[{"href":"https:\/\/www.atassrl.it\/de\/wp-json\/wp\/v2\/types\/product"}],"wp:featuredmedia":[{"embeddable":true,"href":"https:\/\/www.atassrl.it\/de\/wp-json\/wp\/v2\/media\/8441"}],"wp:attachment":[{"href":"https:\/\/www.atassrl.it\/de\/wp-json\/wp\/v2\/media?parent=3027"}],"wp:term":[{"taxonomy":"product_brand","embeddable":true,"href":"https:\/\/www.atassrl.it\/de\/wp-json\/wp\/v2\/product_brand?post=3027"},{"taxonomy":"product_cat","embeddable":true,"href":"https:\/\/www.atassrl.it\/de\/wp-json\/wp\/v2\/product_cat?post=3027"},{"taxonomy":"product_tag","embeddable":true,"href":"https:\/\/www.atassrl.it\/de\/wp-json\/wp\/v2\/product_tag?post=3027"}],"curies":[{"name":"wp","href":"https:\/\/api.w.org\/{rel}","templated":true}]}}