{"id":3032,"date":"2019-07-04T22:17:35","date_gmt":"2019-07-04T20:17:35","guid":{"rendered":"http:\/\/atas.devsrvr.net\/prodotto\/ctn\/"},"modified":"2022-06-30T13:52:30","modified_gmt":"2022-06-30T11:52:30","slug":"ctn","status":"publish","type":"product","link":"https:\/\/www.atassrl.it\/de\/produkt\/ctn\/","title":{"rendered":"CTN"},"content":{"rendered":"<p>Spezielle hochviskose Verbindung, beseitigt Schlammverkrustungen, reduziert die Reibung und beseitigt Quietschen. Es verdr\u00e4ngt Feuchtigkeit, ist bei hohen und niedrigen Temperaturen stabil und eignet sich zur Wartung und Schmierung von Ketten, Getrieben, Rollen sowie f\u00fcr Motorr\u00e4der, Roller, Fahrr\u00e4der und Heimwerker.<\/p>\n","protected":false},"excerpt":{"rendered":"<p>ANTI-TROPF-SCHMIERMITTEL<\/p>\n","protected":false},"featured_media":8431,"template":"","meta":{"_acf_changed":false,"_seopress_robots_primary_cat":"","_seopress_titles_title":"","_seopress_titles_desc":"","_seopress_robots_index":"","_seopress_analysis_target_kw":""},"product_brand":[],"product_cat":[185,208],"product_tag":[],"class_list":{"0":"post-3032","1":"product","2":"type-product","3":"status-publish","4":"has-post-thumbnail","6":"product_cat-linea-atascar-de","7":"product_cat-schmierstoffe","9":"first","10":"instock","11":"shipping-taxable","12":"product-type-variable"},"acf":[],"_links":{"self":[{"href":"https:\/\/www.atassrl.it\/de\/wp-json\/wp\/v2\/product\/3032","targetHints":{"allow":["GET"]}}],"collection":[{"href":"https:\/\/www.atassrl.it\/de\/wp-json\/wp\/v2\/product"}],"about":[{"href":"https:\/\/www.atassrl.it\/de\/wp-json\/wp\/v2\/types\/product"}],"wp:featuredmedia":[{"embeddable":true,"href":"https:\/\/www.atassrl.it\/de\/wp-json\/wp\/v2\/media\/8431"}],"wp:attachment":[{"href":"https:\/\/www.atassrl.it\/de\/wp-json\/wp\/v2\/media?parent=3032"}],"wp:term":[{"taxonomy":"product_brand","embeddable":true,"href":"https:\/\/www.atassrl.it\/de\/wp-json\/wp\/v2\/product_brand?post=3032"},{"taxonomy":"product_cat","embeddable":true,"href":"https:\/\/www.atassrl.it\/de\/wp-json\/wp\/v2\/product_cat?post=3032"},{"taxonomy":"product_tag","embeddable":true,"href":"https:\/\/www.atassrl.it\/de\/wp-json\/wp\/v2\/product_tag?post=3032"}],"curies":[{"name":"wp","href":"https:\/\/api.w.org\/{rel}","templated":true}]}}