{"id":3039,"date":"2019-07-08T15:31:15","date_gmt":"2019-07-08T13:31:15","guid":{"rendered":"http:\/\/atas.devsrvr.net\/prodotto\/kr100\/"},"modified":"2022-06-30T12:09:43","modified_gmt":"2022-06-30T10:09:43","slug":"kr100","status":"publish","type":"product","link":"https:\/\/www.atassrl.it\/de\/produkt\/kr100\/","title":{"rendered":"KR100"},"content":{"rendered":"<p>Neues multifunktionales Produkt, das sich sowohl an den professionellen und industriellen Bereich als auch an den Heim\/ Heimwerkerbereich richtet. Es reinigt, indem es \u00d6le und Fette beseitigt, poliert, erneuert und belebt Oberfl\u00e4chen. Schmiert, schraubt und entriegelt rostige Zahnr\u00e4der, Schrauben und Bolzen. Es dringt tief in die verkrusteten Mechanismen ein und beseitigt Reibung und Quietschen. Korrosionsschutz, Antioxidans, vermeidet die aggressive Wirkung von Rost, Witterungseinfl\u00fcssen, Meerwasser und Salz, S\u00e4uren und Laugen. Sch\u00fctzend wasserabweisend, beseitigt Feuchtigkeit und reaktiviert die elektrischen Kontakte.<\/p>\n","protected":false},"excerpt":{"rendered":"<p>MEHRZWECK<\/p>\n","protected":false},"featured_media":8405,"template":"","meta":{"_acf_changed":false,"_seopress_robots_primary_cat":"","_seopress_titles_title":"","_seopress_titles_desc":"","_seopress_robots_index":"","_seopress_analysis_target_kw":""},"product_brand":[],"product_cat":[215,185],"product_tag":[],"class_list":{"0":"post-3039","1":"product","2":"type-product","3":"status-publish","4":"has-post-thumbnail","6":"product_cat-instandhaltung","7":"product_cat-linea-atascar-de","9":"first","10":"instock","11":"shipping-taxable","12":"product-type-variable"},"acf":[],"_links":{"self":[{"href":"https:\/\/www.atassrl.it\/de\/wp-json\/wp\/v2\/product\/3039","targetHints":{"allow":["GET"]}}],"collection":[{"href":"https:\/\/www.atassrl.it\/de\/wp-json\/wp\/v2\/product"}],"about":[{"href":"https:\/\/www.atassrl.it\/de\/wp-json\/wp\/v2\/types\/product"}],"wp:featuredmedia":[{"embeddable":true,"href":"https:\/\/www.atassrl.it\/de\/wp-json\/wp\/v2\/media\/8405"}],"wp:attachment":[{"href":"https:\/\/www.atassrl.it\/de\/wp-json\/wp\/v2\/media?parent=3039"}],"wp:term":[{"taxonomy":"product_brand","embeddable":true,"href":"https:\/\/www.atassrl.it\/de\/wp-json\/wp\/v2\/product_brand?post=3039"},{"taxonomy":"product_cat","embeddable":true,"href":"https:\/\/www.atassrl.it\/de\/wp-json\/wp\/v2\/product_cat?post=3039"},{"taxonomy":"product_tag","embeddable":true,"href":"https:\/\/www.atassrl.it\/de\/wp-json\/wp\/v2\/product_tag?post=3039"}],"curies":[{"name":"wp","href":"https:\/\/api.w.org\/{rel}","templated":true}]}}