{"id":3042,"date":"2019-07-08T15:40:56","date_gmt":"2019-07-08T13:40:56","guid":{"rendered":"http:\/\/atas.devsrvr.net\/prodotto\/siling\/"},"modified":"2022-06-30T12:08:42","modified_gmt":"2022-06-30T10:08:42","slug":"siling","status":"publish","type":"product","link":"https:\/\/www.atassrl.it\/de\/produkt\/siling\/","title":{"rendered":"SILING"},"content":{"rendered":"<p>Neue Formulierung mit einem hohen Gehalt an Spezialsilikonen, die ohne zu schmieren schmieren und Reibung und Quietschen beseitigen. Es sch\u00fctzt, indem es die Bildung von Oxidationen hemmt, stellt die elektrische Leitf\u00e4higkeit wieder her, indem es Feuchtigkeit und sogar eine geringe w\u00e4ssrige Pr\u00e4senz abweist. Poliert, pflegt und belebt Gummi- und Kunststoffteile.<br \/>\nMit antistatischer und impr\u00e4gnierender Wirkung.<\/p>\n","protected":false},"excerpt":{"rendered":"<p>SILIKONSCHMIERMITTEL<\/p>\n","protected":false},"featured_media":8400,"template":"","meta":{"_acf_changed":false,"_seopress_robots_primary_cat":"","_seopress_titles_title":"","_seopress_titles_desc":"","_seopress_robots_index":"","_seopress_analysis_target_kw":""},"product_brand":[],"product_cat":[215,185,208],"product_tag":[],"class_list":{"0":"post-3042","1":"product","2":"type-product","3":"status-publish","4":"has-post-thumbnail","6":"product_cat-instandhaltung","7":"product_cat-linea-atascar-de","8":"product_cat-schmierstoffe","10":"first","11":"instock","12":"shipping-taxable","13":"product-type-simple"},"acf":[],"_links":{"self":[{"href":"https:\/\/www.atassrl.it\/de\/wp-json\/wp\/v2\/product\/3042","targetHints":{"allow":["GET"]}}],"collection":[{"href":"https:\/\/www.atassrl.it\/de\/wp-json\/wp\/v2\/product"}],"about":[{"href":"https:\/\/www.atassrl.it\/de\/wp-json\/wp\/v2\/types\/product"}],"wp:featuredmedia":[{"embeddable":true,"href":"https:\/\/www.atassrl.it\/de\/wp-json\/wp\/v2\/media\/8400"}],"wp:attachment":[{"href":"https:\/\/www.atassrl.it\/de\/wp-json\/wp\/v2\/media?parent=3042"}],"wp:term":[{"taxonomy":"product_brand","embeddable":true,"href":"https:\/\/www.atassrl.it\/de\/wp-json\/wp\/v2\/product_brand?post=3042"},{"taxonomy":"product_cat","embeddable":true,"href":"https:\/\/www.atassrl.it\/de\/wp-json\/wp\/v2\/product_cat?post=3042"},{"taxonomy":"product_tag","embeddable":true,"href":"https:\/\/www.atassrl.it\/de\/wp-json\/wp\/v2\/product_tag?post=3042"}],"curies":[{"name":"wp","href":"https:\/\/api.w.org\/{rel}","templated":true}]}}