{"id":3045,"date":"2019-07-08T15:43:29","date_gmt":"2019-07-08T13:43:29","guid":{"rendered":"http:\/\/atas.devsrvr.net\/prodotto\/oilbike\/"},"modified":"2022-06-30T13:53:45","modified_gmt":"2022-06-30T11:53:45","slug":"oilbike","status":"publish","type":"product","link":"https:\/\/www.atassrl.it\/de\/produkt\/oilbike\/","title":{"rendered":"OILBIKE"},"content":{"rendered":"<p>Hochwertiges Produkt, das Ketten, \u00dcbersetzungen und Zahnr\u00e4der schmiert, sch\u00fctzt und Reibung beseitigt. Es widersteht Wasser, Salz und starken Temperaturschwankungen. Adressiert an den Fahrradsektor, auch f\u00fcr den Wettkampf, sowie f\u00fcr Motorr\u00e4der und Roller.<\/p>\n","protected":false},"excerpt":{"rendered":"<p>SCHMIERMITTEL F\u00dcR FAHRR\u00c4DER UND MOTORR\u00c4DER<\/p>\n","protected":false},"featured_media":8436,"template":"","meta":{"_acf_changed":false,"_seopress_robots_primary_cat":"","_seopress_titles_title":"","_seopress_titles_desc":"","_seopress_robots_index":"","_seopress_analysis_target_kw":""},"product_brand":[],"product_cat":[185,218,208],"product_tag":[],"class_list":{"0":"post-3045","1":"product","2":"type-product","3":"status-publish","4":"has-post-thumbnail","6":"product_cat-linea-atascar-de","7":"product_cat-motorrader-und-fahrrader","8":"product_cat-schmierstoffe","10":"first","11":"instock","12":"shipping-taxable","13":"product-type-simple"},"acf":[],"_links":{"self":[{"href":"https:\/\/www.atassrl.it\/de\/wp-json\/wp\/v2\/product\/3045","targetHints":{"allow":["GET"]}}],"collection":[{"href":"https:\/\/www.atassrl.it\/de\/wp-json\/wp\/v2\/product"}],"about":[{"href":"https:\/\/www.atassrl.it\/de\/wp-json\/wp\/v2\/types\/product"}],"wp:featuredmedia":[{"embeddable":true,"href":"https:\/\/www.atassrl.it\/de\/wp-json\/wp\/v2\/media\/8436"}],"wp:attachment":[{"href":"https:\/\/www.atassrl.it\/de\/wp-json\/wp\/v2\/media?parent=3045"}],"wp:term":[{"taxonomy":"product_brand","embeddable":true,"href":"https:\/\/www.atassrl.it\/de\/wp-json\/wp\/v2\/product_brand?post=3045"},{"taxonomy":"product_cat","embeddable":true,"href":"https:\/\/www.atassrl.it\/de\/wp-json\/wp\/v2\/product_cat?post=3045"},{"taxonomy":"product_tag","embeddable":true,"href":"https:\/\/www.atassrl.it\/de\/wp-json\/wp\/v2\/product_tag?post=3045"}],"curies":[{"name":"wp","href":"https:\/\/api.w.org\/{rel}","templated":true}]}}