{"id":3048,"date":"2019-07-08T15:45:58","date_gmt":"2019-07-08T13:45:58","guid":{"rendered":"http:\/\/atas.devsrvr.net\/prodotto\/vasenor\/"},"modified":"2022-06-30T13:51:14","modified_gmt":"2022-06-30T11:51:14","slug":"vasenor","status":"publish","type":"product","link":"https:\/\/www.atassrl.it\/de\/produkt\/vasenor\/","title":{"rendered":"VASENOR"},"content":{"rendered":"<p>Hochrein und daher geeignet zum Schmieren und Sch\u00fctzen vor atmosph\u00e4rischen und chemischen Einfl\u00fcssen. Es beseitigt Reibung und Quietschen, hat eine hervorragende Polier- und wasserabweisende Wirkung. Geeignet f\u00fcr Zuhause, Auto und Heimwerker.<\/p>\n","protected":false},"excerpt":{"rendered":"<p>VASELINE TECHNISCHES \u00d6L<\/p>\n","protected":false},"featured_media":8426,"template":"","meta":{"_acf_changed":false,"_seopress_robots_primary_cat":"","_seopress_titles_title":"","_seopress_titles_desc":"","_seopress_robots_index":"","_seopress_analysis_target_kw":""},"product_brand":[],"product_cat":[185,208],"product_tag":[],"class_list":{"0":"post-3048","1":"product","2":"type-product","3":"status-publish","4":"has-post-thumbnail","6":"product_cat-linea-atascar-de","7":"product_cat-schmierstoffe","9":"first","10":"instock","11":"shipping-taxable","12":"product-type-simple"},"acf":[],"_links":{"self":[{"href":"https:\/\/www.atassrl.it\/de\/wp-json\/wp\/v2\/product\/3048","targetHints":{"allow":["GET"]}}],"collection":[{"href":"https:\/\/www.atassrl.it\/de\/wp-json\/wp\/v2\/product"}],"about":[{"href":"https:\/\/www.atassrl.it\/de\/wp-json\/wp\/v2\/types\/product"}],"wp:featuredmedia":[{"embeddable":true,"href":"https:\/\/www.atassrl.it\/de\/wp-json\/wp\/v2\/media\/8426"}],"wp:attachment":[{"href":"https:\/\/www.atassrl.it\/de\/wp-json\/wp\/v2\/media?parent=3048"}],"wp:term":[{"taxonomy":"product_brand","embeddable":true,"href":"https:\/\/www.atassrl.it\/de\/wp-json\/wp\/v2\/product_brand?post=3048"},{"taxonomy":"product_cat","embeddable":true,"href":"https:\/\/www.atassrl.it\/de\/wp-json\/wp\/v2\/product_cat?post=3048"},{"taxonomy":"product_tag","embeddable":true,"href":"https:\/\/www.atassrl.it\/de\/wp-json\/wp\/v2\/product_tag?post=3048"}],"curies":[{"name":"wp","href":"https:\/\/api.w.org\/{rel}","templated":true}]}}