{"id":3051,"date":"2019-07-08T15:48:41","date_gmt":"2019-07-08T13:48:41","guid":{"rendered":"http:\/\/atas.devsrvr.net\/prodotto\/luber\/"},"modified":"2022-06-30T13:47:40","modified_gmt":"2022-06-30T11:47:40","slug":"luber","status":"publish","type":"product","link":"https:\/\/www.atassrl.it\/de\/produkt\/luber\/","title":{"rendered":"LUBER"},"content":{"rendered":"<p>Kombiniertes Aktionspr\u00e4parat f\u00fcr die Wartung von Kleinfeuerwaffen. Es reinigt, schmiert und poliert durch Hemmung der Korrosion durch Schie\u00dfpulver und wiederholten Kontakt mit den H\u00e4nden.<br \/>\nAuch f\u00fcr die unterschiedlichsten Anwendungen von Haushalt \u00fcber Auto bis Heimwerker geeignet.<\/p>\n<p>&nbsp;<\/p>\n","protected":false},"excerpt":{"rendered":"<p>SCHUTZSCHMIERMITTEL<\/p>\n","protected":false},"featured_media":8421,"template":"","meta":{"_acf_changed":false,"_seopress_robots_primary_cat":"","_seopress_titles_title":"","_seopress_titles_desc":"","_seopress_robots_index":"","_seopress_analysis_target_kw":""},"product_brand":[],"product_cat":[185,208],"product_tag":[737],"class_list":{"0":"post-3051","1":"product","2":"type-product","3":"status-publish","4":"has-post-thumbnail","6":"product_cat-linea-atascar-de","7":"product_cat-schmierstoffe","8":"product_tag-spezielle-anwendungen","10":"first","11":"instock","12":"shipping-taxable","13":"product-type-simple"},"acf":[],"_links":{"self":[{"href":"https:\/\/www.atassrl.it\/de\/wp-json\/wp\/v2\/product\/3051","targetHints":{"allow":["GET"]}}],"collection":[{"href":"https:\/\/www.atassrl.it\/de\/wp-json\/wp\/v2\/product"}],"about":[{"href":"https:\/\/www.atassrl.it\/de\/wp-json\/wp\/v2\/types\/product"}],"wp:featuredmedia":[{"embeddable":true,"href":"https:\/\/www.atassrl.it\/de\/wp-json\/wp\/v2\/media\/8421"}],"wp:attachment":[{"href":"https:\/\/www.atassrl.it\/de\/wp-json\/wp\/v2\/media?parent=3051"}],"wp:term":[{"taxonomy":"product_brand","embeddable":true,"href":"https:\/\/www.atassrl.it\/de\/wp-json\/wp\/v2\/product_brand?post=3051"},{"taxonomy":"product_cat","embeddable":true,"href":"https:\/\/www.atassrl.it\/de\/wp-json\/wp\/v2\/product_cat?post=3051"},{"taxonomy":"product_tag","embeddable":true,"href":"https:\/\/www.atassrl.it\/de\/wp-json\/wp\/v2\/product_tag?post=3051"}],"curies":[{"name":"wp","href":"https:\/\/api.w.org\/{rel}","templated":true}]}}