{"id":3054,"date":"2019-07-08T15:51:09","date_gmt":"2019-07-08T13:51:09","guid":{"rendered":"http:\/\/atas.devsrvr.net\/prodotto\/dlb\/"},"modified":"2019-07-08T15:51:09","modified_gmt":"2019-07-08T13:51:09","slug":"dlb","status":"publish","type":"product","link":"https:\/\/www.atassrl.it\/de\/produkt\/dlb\/","title":{"rendered":"DLB"},"content":{"rendered":"<p>Spezielles neutral sch\u00e4umendes Reinigungsmittel zur Pflege und Wartung von Rennr\u00e4dern, Mountainbikes, Rollern und Motorradverkleidungen. Entfernt vollst\u00e4ndig den Schmutz, auch fettige, unter Respekt von Lacke, Kunststoffen, Gummis, Leichtmetalle, Aluminium und Verchromungen. Es wird manuell mit einem Schwamm verwendet und kann mit Wasser verd\u00fcnnt werden.<\/p>\n","protected":false},"excerpt":{"rendered":"<p><strong>FAHRRAD-, MOTORRAD- UND ROLLERSHAMPOO<\/strong><\/p>\n","protected":false},"featured_media":2485,"template":"","meta":{"_acf_changed":false,"_seopress_robots_primary_cat":"","_seopress_titles_title":"","_seopress_titles_desc":"","_seopress_robots_index":"","_seopress_analysis_target_kw":""},"product_brand":[],"product_cat":[215],"product_tag":[],"class_list":{"0":"post-3054","1":"product","2":"type-product","3":"status-publish","4":"has-post-thumbnail","6":"product_cat-instandhaltung","8":"first","9":"instock","10":"shipping-taxable","11":"product-type-simple"},"acf":[],"_links":{"self":[{"href":"https:\/\/www.atassrl.it\/de\/wp-json\/wp\/v2\/product\/3054","targetHints":{"allow":["GET"]}}],"collection":[{"href":"https:\/\/www.atassrl.it\/de\/wp-json\/wp\/v2\/product"}],"about":[{"href":"https:\/\/www.atassrl.it\/de\/wp-json\/wp\/v2\/types\/product"}],"wp:featuredmedia":[{"embeddable":true,"href":"https:\/\/www.atassrl.it\/de\/wp-json\/wp\/v2\/media\/2485"}],"wp:attachment":[{"href":"https:\/\/www.atassrl.it\/de\/wp-json\/wp\/v2\/media?parent=3054"}],"wp:term":[{"taxonomy":"product_brand","embeddable":true,"href":"https:\/\/www.atassrl.it\/de\/wp-json\/wp\/v2\/product_brand?post=3054"},{"taxonomy":"product_cat","embeddable":true,"href":"https:\/\/www.atassrl.it\/de\/wp-json\/wp\/v2\/product_cat?post=3054"},{"taxonomy":"product_tag","embeddable":true,"href":"https:\/\/www.atassrl.it\/de\/wp-json\/wp\/v2\/product_tag?post=3054"}],"curies":[{"name":"wp","href":"https:\/\/api.w.org\/{rel}","templated":true}]}}