{"id":3059,"date":"2019-07-08T15:54:14","date_gmt":"2019-07-08T13:54:14","guid":{"rendered":"http:\/\/atas.devsrvr.net\/prodotto\/pulibike\/"},"modified":"2022-06-30T11:48:58","modified_gmt":"2022-06-30T09:48:58","slug":"pulibike","status":"publish","type":"product","link":"https:\/\/www.atassrl.it\/de\/produkt\/pulibike\/","title":{"rendered":"PULIBIKE"},"content":{"rendered":"<p>Schwach alkalisches, sch\u00e4umendes Reinigungsmittel speziell zur sicheren Entfernung von Schlamm und Fett, selbst wenn sie von Ketten, Naben, \u00dcbersetzungen, Rahmen, Motorbl\u00f6cken und mechanischen Teilen von Fahrr\u00e4dern, Rollern und Motorr\u00e4dern im Allgemeinen verkrustet sind. Entsprechend verd\u00fcnnt kann es auch zur Verkleidungsreinigung verwendet werden. Erh\u00e4ltlich sowohl in der konzentrierten Version, die mit Wasser bis zu 20 % verd\u00fcnnt werden kann, als auch in der gebrauchsfertigen Version mit Trigger.<\/p>\n","protected":false},"excerpt":{"rendered":"<p>ENTFETTER F\u00dcR FAHRR\u00c4DER UND MOTORR\u00c4DER<\/p>\n","protected":false},"featured_media":8311,"template":"","meta":{"_acf_changed":false,"_seopress_robots_primary_cat":"","_seopress_titles_title":"","_seopress_titles_desc":"","_seopress_robots_index":"","_seopress_analysis_target_kw":""},"product_brand":[],"product_cat":[185,218],"product_tag":[],"class_list":{"0":"post-3059","1":"product","2":"type-product","3":"status-publish","4":"has-post-thumbnail","6":"product_cat-linea-atascar-de","7":"product_cat-motorrader-und-fahrrader","9":"first","10":"instock","11":"shipping-taxable","12":"product-type-variable"},"acf":[],"_links":{"self":[{"href":"https:\/\/www.atassrl.it\/de\/wp-json\/wp\/v2\/product\/3059","targetHints":{"allow":["GET"]}}],"collection":[{"href":"https:\/\/www.atassrl.it\/de\/wp-json\/wp\/v2\/product"}],"about":[{"href":"https:\/\/www.atassrl.it\/de\/wp-json\/wp\/v2\/types\/product"}],"wp:featuredmedia":[{"embeddable":true,"href":"https:\/\/www.atassrl.it\/de\/wp-json\/wp\/v2\/media\/8311"}],"wp:attachment":[{"href":"https:\/\/www.atassrl.it\/de\/wp-json\/wp\/v2\/media?parent=3059"}],"wp:term":[{"taxonomy":"product_brand","embeddable":true,"href":"https:\/\/www.atassrl.it\/de\/wp-json\/wp\/v2\/product_brand?post=3059"},{"taxonomy":"product_cat","embeddable":true,"href":"https:\/\/www.atassrl.it\/de\/wp-json\/wp\/v2\/product_cat?post=3059"},{"taxonomy":"product_tag","embeddable":true,"href":"https:\/\/www.atassrl.it\/de\/wp-json\/wp\/v2\/product_tag?post=3059"}],"curies":[{"name":"wp","href":"https:\/\/api.w.org\/{rel}","templated":true}]}}