{"id":3068,"date":"2019-07-08T15:57:38","date_gmt":"2019-07-08T13:57:38","guid":{"rendered":"http:\/\/atas.devsrvr.net\/prodotto\/blokar\/"},"modified":"2019-07-08T15:57:38","modified_gmt":"2019-07-08T13:57:38","slug":"blokar","status":"publish","type":"product","link":"https:\/\/www.atassrl.it\/de\/produkt\/blokar\/","title":{"rendered":"BLOKAR"},"content":{"rendered":"<p>&nbsp;<\/p>\n<p>Hochwertiges Produkt, sorgt immer f\u00fcr ein sicheres und gleitendes Bremsen bei jeder Temperatur. Verursacht keine Sch\u00e4den an Gummi und Metall. Empfohlen f\u00fcr Scheiben- und Trommelbremsen. Siedegrad: 240\u00b0C; nach der Anfeuchtung: 148\u00b0C. Gefrierpunkt: -45\u00b0C. Laut der Normen SAFETY STANDARD 116 DOT 3 und SAE J1703.<\/p>\n","protected":false},"excerpt":{"rendered":"<p><strong>\u00a0BREMSFL\u00dcSSIGKEIT DOT 3<\/strong><\/p>\n","protected":false},"featured_media":2455,"template":"","meta":{"_acf_changed":false,"_seopress_robots_primary_cat":"","_seopress_titles_title":"","_seopress_titles_desc":"","_seopress_robots_index":"","_seopress_analysis_target_kw":""},"product_brand":[],"product_cat":[215],"product_tag":[],"class_list":{"0":"post-3068","1":"product","2":"type-product","3":"status-publish","4":"has-post-thumbnail","6":"product_cat-instandhaltung","8":"first","9":"instock","10":"shipping-taxable","11":"product-type-variable"},"acf":[],"_links":{"self":[{"href":"https:\/\/www.atassrl.it\/de\/wp-json\/wp\/v2\/product\/3068","targetHints":{"allow":["GET"]}}],"collection":[{"href":"https:\/\/www.atassrl.it\/de\/wp-json\/wp\/v2\/product"}],"about":[{"href":"https:\/\/www.atassrl.it\/de\/wp-json\/wp\/v2\/types\/product"}],"wp:featuredmedia":[{"embeddable":true,"href":"https:\/\/www.atassrl.it\/de\/wp-json\/wp\/v2\/media\/2455"}],"wp:attachment":[{"href":"https:\/\/www.atassrl.it\/de\/wp-json\/wp\/v2\/media?parent=3068"}],"wp:term":[{"taxonomy":"product_brand","embeddable":true,"href":"https:\/\/www.atassrl.it\/de\/wp-json\/wp\/v2\/product_brand?post=3068"},{"taxonomy":"product_cat","embeddable":true,"href":"https:\/\/www.atassrl.it\/de\/wp-json\/wp\/v2\/product_cat?post=3068"},{"taxonomy":"product_tag","embeddable":true,"href":"https:\/\/www.atassrl.it\/de\/wp-json\/wp\/v2\/product_tag?post=3068"}],"curies":[{"name":"wp","href":"https:\/\/api.w.org\/{rel}","templated":true}]}}