{"id":3078,"date":"2019-07-08T16:01:23","date_gmt":"2019-07-08T14:01:23","guid":{"rendered":"http:\/\/atas.devsrvr.net\/prodotto\/blokar-special\/"},"modified":"2022-07-04T10:02:34","modified_gmt":"2022-07-04T08:02:34","slug":"blokar-special","status":"publish","type":"product","link":"https:\/\/www.atassrl.it\/de\/produkt\/blokar-special\/","title":{"rendered":"BLOKAR SPECIAL"},"content":{"rendered":"<p>Speziell f\u00fcr Fahrzeuge mit gro\u00dfem Hubraum und in allen F\u00e4llen, in denen das Bremssystem stark beansprucht wird. Es ver\u00e4ndert keine Teile aus Gummi oder Metall. Stabil bei hohen und niedrigen Temperaturen. Geeignet f\u00fcr Scheiben-, Trommel- und ABS-Systeme. Siedepunkt 265\u00b0C, nach Befeuchtung 165\u00b0C. Gefrierpunkt -50\u00b0C.<\/p>\n","protected":false},"excerpt":{"rendered":"<p>DOT 4 BREMSFL\u00dcSSIGKEIT<\/p>\n","protected":false},"featured_media":8232,"template":"","meta":{"_acf_changed":false,"_seopress_robots_primary_cat":"","_seopress_titles_title":"","_seopress_titles_desc":"","_seopress_robots_index":"","_seopress_analysis_target_kw":""},"product_brand":[],"product_cat":[215,185],"product_tag":[],"class_list":{"0":"post-3078","1":"product","2":"type-product","3":"status-publish","4":"has-post-thumbnail","6":"product_cat-instandhaltung","7":"product_cat-linea-atascar-de","9":"first","10":"instock","11":"shipping-taxable","12":"product-type-variable"},"acf":[],"_links":{"self":[{"href":"https:\/\/www.atassrl.it\/de\/wp-json\/wp\/v2\/product\/3078","targetHints":{"allow":["GET"]}}],"collection":[{"href":"https:\/\/www.atassrl.it\/de\/wp-json\/wp\/v2\/product"}],"about":[{"href":"https:\/\/www.atassrl.it\/de\/wp-json\/wp\/v2\/types\/product"}],"wp:featuredmedia":[{"embeddable":true,"href":"https:\/\/www.atassrl.it\/de\/wp-json\/wp\/v2\/media\/8232"}],"wp:attachment":[{"href":"https:\/\/www.atassrl.it\/de\/wp-json\/wp\/v2\/media?parent=3078"}],"wp:term":[{"taxonomy":"product_brand","embeddable":true,"href":"https:\/\/www.atassrl.it\/de\/wp-json\/wp\/v2\/product_brand?post=3078"},{"taxonomy":"product_cat","embeddable":true,"href":"https:\/\/www.atassrl.it\/de\/wp-json\/wp\/v2\/product_cat?post=3078"},{"taxonomy":"product_tag","embeddable":true,"href":"https:\/\/www.atassrl.it\/de\/wp-json\/wp\/v2\/product_tag?post=3078"}],"curies":[{"name":"wp","href":"https:\/\/api.w.org\/{rel}","templated":true}]}}