{"id":3087,"date":"2019-07-08T16:03:54","date_gmt":"2019-07-08T14:03:54","guid":{"rendered":"http:\/\/atas.devsrvr.net\/prodotto\/blokar-max\/"},"modified":"2022-06-30T11:09:39","modified_gmt":"2022-06-30T09:09:39","slug":"blokar-max","status":"publish","type":"product","link":"https:\/\/www.atassrl.it\/de\/produkt\/blokar-max\/","title":{"rendered":"BLOKAR MAX"},"content":{"rendered":"<p>Fl\u00fcssigkeit garantierter Qualit\u00e4t, geeignet f\u00fcr herk\u00f6mmliche Bremssysteme (Scheibe und Trommel) und insbesondere f\u00fcr technologisch fortschrittlichere Systeme und in allen F\u00e4llen, in denen das Bremssystem h\u00e4ufig hohen Belastungen ausgesetzt ist. Es garantiert immer ein kraftvolles und sicheres Bremsen bei niedrigen und hohen Temperaturen, ver\u00e4ndert nicht die Metalle, aus denen der Bremskreis besteht, und l\u00e4sst die Gummibel\u00e4ge nicht aufquellen. Siedepunkt 268\u00b0C, nach Befeuchtung 188\u00b0C. Gefrierpunkt -50\u00b0C.<\/p>\n","protected":false},"excerpt":{"rendered":"<p>DOT5 BREMSFL\u00dcSSIGKEIT<\/p>\n","protected":false},"featured_media":8237,"template":"","meta":{"_acf_changed":false,"_seopress_robots_primary_cat":"","_seopress_titles_title":"","_seopress_titles_desc":"","_seopress_robots_index":"","_seopress_analysis_target_kw":""},"product_brand":[],"product_cat":[215,185],"product_tag":[],"class_list":{"0":"post-3087","1":"product","2":"type-product","3":"status-publish","4":"has-post-thumbnail","6":"product_cat-instandhaltung","7":"product_cat-linea-atascar-de","9":"first","10":"instock","11":"shipping-taxable","12":"product-type-simple"},"acf":[],"_links":{"self":[{"href":"https:\/\/www.atassrl.it\/de\/wp-json\/wp\/v2\/product\/3087","targetHints":{"allow":["GET"]}}],"collection":[{"href":"https:\/\/www.atassrl.it\/de\/wp-json\/wp\/v2\/product"}],"about":[{"href":"https:\/\/www.atassrl.it\/de\/wp-json\/wp\/v2\/types\/product"}],"wp:featuredmedia":[{"embeddable":true,"href":"https:\/\/www.atassrl.it\/de\/wp-json\/wp\/v2\/media\/8237"}],"wp:attachment":[{"href":"https:\/\/www.atassrl.it\/de\/wp-json\/wp\/v2\/media?parent=3087"}],"wp:term":[{"taxonomy":"product_brand","embeddable":true,"href":"https:\/\/www.atassrl.it\/de\/wp-json\/wp\/v2\/product_brand?post=3087"},{"taxonomy":"product_cat","embeddable":true,"href":"https:\/\/www.atassrl.it\/de\/wp-json\/wp\/v2\/product_cat?post=3087"},{"taxonomy":"product_tag","embeddable":true,"href":"https:\/\/www.atassrl.it\/de\/wp-json\/wp\/v2\/product_tag?post=3087"}],"curies":[{"name":"wp","href":"https:\/\/api.w.org\/{rel}","templated":true}]}}