{"id":3090,"date":"2019-07-08T16:07:54","date_gmt":"2019-07-08T14:07:54","guid":{"rendered":"http:\/\/atas.devsrvr.net\/prodotto\/fanthy\/"},"modified":"2022-06-30T16:55:46","modified_gmt":"2022-06-30T14:55:46","slug":"fanthy","status":"publish","type":"product","link":"https:\/\/www.atassrl.it\/de\/produkt\/fanthy\/","title":{"rendered":"FANTHY"},"content":{"rendered":"<p>Hochwertig und in verschiedenen langanhaltenden D\u00fcften erh\u00e4ltlich, kann es im Auto, im B\u00fcro, zu Hause usw. aufgeh\u00e4ngt werden, dank seines Original- Fl\u00e4schchens mit h\u00f6lzerner Diffusorkappe, das nat\u00fcrliche Essenzen enth\u00e4lt (patentiertes System).<\/p>\n","protected":false},"excerpt":{"rendered":"<p>LUFTERFRISCHER IN GLASFLASCHE<\/p>\n","protected":false},"featured_media":2488,"template":"","meta":{"_acf_changed":false,"_seopress_robots_primary_cat":"","_seopress_titles_title":"","_seopress_titles_desc":"","_seopress_robots_index":"","_seopress_analysis_target_kw":""},"product_brand":[],"product_cat":[185,189],"product_tag":[],"class_list":{"0":"post-3090","1":"product","2":"type-product","3":"status-publish","4":"has-post-thumbnail","6":"product_cat-linea-atascar-de","7":"product_cat-luftverbesserer","9":"first","10":"instock","11":"shipping-taxable","12":"product-type-simple"},"acf":[],"_links":{"self":[{"href":"https:\/\/www.atassrl.it\/de\/wp-json\/wp\/v2\/product\/3090","targetHints":{"allow":["GET"]}}],"collection":[{"href":"https:\/\/www.atassrl.it\/de\/wp-json\/wp\/v2\/product"}],"about":[{"href":"https:\/\/www.atassrl.it\/de\/wp-json\/wp\/v2\/types\/product"}],"wp:featuredmedia":[{"embeddable":true,"href":"https:\/\/www.atassrl.it\/de\/wp-json\/wp\/v2\/media\/2488"}],"wp:attachment":[{"href":"https:\/\/www.atassrl.it\/de\/wp-json\/wp\/v2\/media?parent=3090"}],"wp:term":[{"taxonomy":"product_brand","embeddable":true,"href":"https:\/\/www.atassrl.it\/de\/wp-json\/wp\/v2\/product_brand?post=3090"},{"taxonomy":"product_cat","embeddable":true,"href":"https:\/\/www.atassrl.it\/de\/wp-json\/wp\/v2\/product_cat?post=3090"},{"taxonomy":"product_tag","embeddable":true,"href":"https:\/\/www.atassrl.it\/de\/wp-json\/wp\/v2\/product_tag?post=3090"}],"curies":[{"name":"wp","href":"https:\/\/api.w.org\/{rel}","templated":true}]}}