{"id":3095,"date":"2019-07-08T16:12:40","date_gmt":"2019-07-08T14:12:40","guid":{"rendered":"http:\/\/atas.devsrvr.net\/prodotto\/king-fresh\/"},"modified":"2022-06-30T16:46:06","modified_gmt":"2022-06-30T14:46:06","slug":"king-fresh","status":"publish","type":"product","link":"https:\/\/www.atassrl.it\/de\/produkt\/king-fresh\/","title":{"rendered":"KING FRESH"},"content":{"rendered":"<p>Dank seiner verschiedenen D\u00fcfte erneuert dieser Einweg-Riechstoffverbreiter die Luft und beseitigt Ger\u00fcche. \u00d6ffnen Sie die Verpackung f\u00fcr eine l\u00e4ngere Dauer schrittweise.<\/p>\n","protected":false},"excerpt":{"rendered":"<p>EINWEG-RIECHSTOFFVERBREITER<\/p>\n","protected":false},"featured_media":2498,"template":"","meta":{"_acf_changed":false,"_seopress_robots_primary_cat":"","_seopress_titles_title":"","_seopress_titles_desc":"","_seopress_robots_index":"","_seopress_analysis_target_kw":""},"product_brand":[],"product_cat":[185,189],"product_tag":[],"class_list":{"0":"post-3095","1":"product","2":"type-product","3":"status-publish","4":"has-post-thumbnail","6":"product_cat-linea-atascar-de","7":"product_cat-luftverbesserer","9":"first","10":"outofstock","11":"shipping-taxable","12":"product-type-variable"},"acf":[],"_links":{"self":[{"href":"https:\/\/www.atassrl.it\/de\/wp-json\/wp\/v2\/product\/3095","targetHints":{"allow":["GET"]}}],"collection":[{"href":"https:\/\/www.atassrl.it\/de\/wp-json\/wp\/v2\/product"}],"about":[{"href":"https:\/\/www.atassrl.it\/de\/wp-json\/wp\/v2\/types\/product"}],"wp:featuredmedia":[{"embeddable":true,"href":"https:\/\/www.atassrl.it\/de\/wp-json\/wp\/v2\/media\/2498"}],"wp:attachment":[{"href":"https:\/\/www.atassrl.it\/de\/wp-json\/wp\/v2\/media?parent=3095"}],"wp:term":[{"taxonomy":"product_brand","embeddable":true,"href":"https:\/\/www.atassrl.it\/de\/wp-json\/wp\/v2\/product_brand?post=3095"},{"taxonomy":"product_cat","embeddable":true,"href":"https:\/\/www.atassrl.it\/de\/wp-json\/wp\/v2\/product_cat?post=3095"},{"taxonomy":"product_tag","embeddable":true,"href":"https:\/\/www.atassrl.it\/de\/wp-json\/wp\/v2\/product_tag?post=3095"}],"curies":[{"name":"wp","href":"https:\/\/api.w.org\/{rel}","templated":true}]}}