{"id":3102,"date":"2019-07-08T16:15:07","date_gmt":"2019-07-08T14:15:07","guid":{"rendered":"http:\/\/atas.devsrvr.net\/prodotto\/raino\/"},"modified":"2022-06-24T11:57:58","modified_gmt":"2022-06-24T09:57:58","slug":"raino","status":"publish","type":"product","link":"https:\/\/www.atassrl.it\/de\/produkt\/raino\/","title":{"rendered":"RAINO"},"content":{"rendered":"<p>Hydrophobierung f\u00fcr alle Autoau\u00dfenscheiben. Es bildet eine transparente Schutzschicht, die den Wasserfluss beg\u00fcnstigt, indem sie die Verwendung von Scheibenwischern einschr\u00e4nkt. Es sorgt bei Regen bereits bei einer Geschwindigkeit von 60-70 km\/h f\u00fcr hervorragende Sicht und verhindert, dass Schmutz und Insekten hartn\u00e4ckig an der Scheibe haften bleiben.<\/p>\n","protected":false},"excerpt":{"rendered":"<p>WASSERABWEISENDES MITTEL F\u00dcR AUTOFENSTER<\/p>\n","protected":false},"featured_media":8161,"template":"","meta":{"_acf_changed":false,"_seopress_robots_primary_cat":"","_seopress_titles_title":"","_seopress_titles_desc":"","_seopress_robots_index":"","_seopress_analysis_target_kw":""},"product_brand":[],"product_cat":[185],"product_tag":[741],"class_list":{"0":"post-3102","1":"product","2":"type-product","3":"status-publish","4":"has-post-thumbnail","6":"product_cat-linea-atascar-de","7":"product_tag-ausenpflege","9":"first","10":"instock","11":"shipping-taxable","12":"product-type-simple"},"acf":[],"_links":{"self":[{"href":"https:\/\/www.atassrl.it\/de\/wp-json\/wp\/v2\/product\/3102","targetHints":{"allow":["GET"]}}],"collection":[{"href":"https:\/\/www.atassrl.it\/de\/wp-json\/wp\/v2\/product"}],"about":[{"href":"https:\/\/www.atassrl.it\/de\/wp-json\/wp\/v2\/types\/product"}],"wp:featuredmedia":[{"embeddable":true,"href":"https:\/\/www.atassrl.it\/de\/wp-json\/wp\/v2\/media\/8161"}],"wp:attachment":[{"href":"https:\/\/www.atassrl.it\/de\/wp-json\/wp\/v2\/media?parent=3102"}],"wp:term":[{"taxonomy":"product_brand","embeddable":true,"href":"https:\/\/www.atassrl.it\/de\/wp-json\/wp\/v2\/product_brand?post=3102"},{"taxonomy":"product_cat","embeddable":true,"href":"https:\/\/www.atassrl.it\/de\/wp-json\/wp\/v2\/product_cat?post=3102"},{"taxonomy":"product_tag","embeddable":true,"href":"https:\/\/www.atassrl.it\/de\/wp-json\/wp\/v2\/product_tag?post=3102"}],"curies":[{"name":"wp","href":"https:\/\/api.w.org\/{rel}","templated":true}]}}