{"id":3105,"date":"2019-07-08T16:17:42","date_gmt":"2019-07-08T14:17:42","guid":{"rendered":"http:\/\/atas.devsrvr.net\/prodotto\/tessi\/"},"modified":"2019-07-08T16:17:42","modified_gmt":"2019-07-08T14:17:42","slug":"tessi","status":"publish","type":"product","link":"https:\/\/www.atassrl.it\/de\/produkt\/tessi\/","title":{"rendered":"TESSI"},"content":{"rendered":"<p>TESSI QS Hochwertiges Mikrofasertuch f\u00fcr die Reinigung und die Trocknung dem Auto. Gr\u00f6\u00dfe 34&#215;52. TESSI FC Hochabsorbierendes synthetisches Tuch kombiniert mit weichem wei\u00dfem Tuch. Gr\u00f6\u00dfe 27&#215;40. TESSI MD Synthetisches Tuch f\u00fcr eine gute Trocknung. Kann sowohl im Auto als auch zu Hause verwendet werden.<\/p>\n","protected":false},"excerpt":{"rendered":"<p><strong>SYNTHETISCHES TUCH<\/strong><\/p>\n","protected":false},"featured_media":2536,"template":"","meta":{"_acf_changed":false,"_seopress_robots_primary_cat":"","_seopress_titles_title":"","_seopress_titles_desc":"","_seopress_robots_index":"","_seopress_analysis_target_kw":""},"product_brand":[],"product_cat":[215],"product_tag":[],"class_list":{"0":"post-3105","1":"product","2":"type-product","3":"status-publish","4":"has-post-thumbnail","6":"product_cat-instandhaltung","8":"first","9":"instock","10":"shipping-taxable","11":"product-type-simple"},"acf":[],"_links":{"self":[{"href":"https:\/\/www.atassrl.it\/de\/wp-json\/wp\/v2\/product\/3105","targetHints":{"allow":["GET"]}}],"collection":[{"href":"https:\/\/www.atassrl.it\/de\/wp-json\/wp\/v2\/product"}],"about":[{"href":"https:\/\/www.atassrl.it\/de\/wp-json\/wp\/v2\/types\/product"}],"wp:featuredmedia":[{"embeddable":true,"href":"https:\/\/www.atassrl.it\/de\/wp-json\/wp\/v2\/media\/2536"}],"wp:attachment":[{"href":"https:\/\/www.atassrl.it\/de\/wp-json\/wp\/v2\/media?parent=3105"}],"wp:term":[{"taxonomy":"product_brand","embeddable":true,"href":"https:\/\/www.atassrl.it\/de\/wp-json\/wp\/v2\/product_brand?post=3105"},{"taxonomy":"product_cat","embeddable":true,"href":"https:\/\/www.atassrl.it\/de\/wp-json\/wp\/v2\/product_cat?post=3105"},{"taxonomy":"product_tag","embeddable":true,"href":"https:\/\/www.atassrl.it\/de\/wp-json\/wp\/v2\/product_tag?post=3105"}],"curies":[{"name":"wp","href":"https:\/\/api.w.org\/{rel}","templated":true}]}}