{"id":3108,"date":"2019-07-08T16:23:47","date_gmt":"2019-07-08T14:23:47","guid":{"rendered":"http:\/\/atas.devsrvr.net\/prodotto\/nil\/"},"modified":"2022-06-30T17:11:32","modified_gmt":"2022-06-30T15:11:32","slug":"nil","status":"publish","type":"product","link":"https:\/\/www.atassrl.it\/de\/produkt\/nil\/","title":{"rendered":"NIL"},"content":{"rendered":"<p>Hochviskos und angenehm duftend, l\u00f6st es m\u00fchelos Schmutz und hinterl\u00e4sst dank der enthaltenen pflanzlichen Proteine eine weiche Haut. Es ist f\u00fcr mechanische Werkst\u00e4tten und Handwerksbetriebe geeignet, da die hohe Reinigungskraft f\u00fcr eine schnelle Schmutzanl\u00f6sung sorgt. Es ist frei von Phosphor und Scheuermitteln formuliert mit epidermalem Ph. (Formeln beim Ministerium f\u00fcr \u00f6ffentliche Gesundheit eingereicht).<\/p>\n","protected":false},"excerpt":{"rendered":"<p><strong>\u00a0FL\u00dcSSIGER HANDREINIGER<\/strong><\/p>\n","protected":false},"featured_media":8943,"template":"","meta":{"_acf_changed":false,"_seopress_robots_primary_cat":"","_seopress_titles_title":"","_seopress_titles_desc":"","_seopress_robots_index":"","_seopress_analysis_target_kw":""},"product_brand":[],"product_cat":[204,185],"product_tag":[735],"class_list":{"0":"post-3108","1":"product","2":"type-product","3":"status-publish","4":"has-post-thumbnail","6":"product_cat-handwaschmittel","7":"product_cat-linea-atascar-de","8":"product_tag-zubehor","10":"first","11":"instock","12":"shipping-taxable","13":"product-type-simple"},"acf":[],"_links":{"self":[{"href":"https:\/\/www.atassrl.it\/de\/wp-json\/wp\/v2\/product\/3108","targetHints":{"allow":["GET"]}}],"collection":[{"href":"https:\/\/www.atassrl.it\/de\/wp-json\/wp\/v2\/product"}],"about":[{"href":"https:\/\/www.atassrl.it\/de\/wp-json\/wp\/v2\/types\/product"}],"wp:featuredmedia":[{"embeddable":true,"href":"https:\/\/www.atassrl.it\/de\/wp-json\/wp\/v2\/media\/8943"}],"wp:attachment":[{"href":"https:\/\/www.atassrl.it\/de\/wp-json\/wp\/v2\/media?parent=3108"}],"wp:term":[{"taxonomy":"product_brand","embeddable":true,"href":"https:\/\/www.atassrl.it\/de\/wp-json\/wp\/v2\/product_brand?post=3108"},{"taxonomy":"product_cat","embeddable":true,"href":"https:\/\/www.atassrl.it\/de\/wp-json\/wp\/v2\/product_cat?post=3108"},{"taxonomy":"product_tag","embeddable":true,"href":"https:\/\/www.atassrl.it\/de\/wp-json\/wp\/v2\/product_tag?post=3108"}],"curies":[{"name":"wp","href":"https:\/\/api.w.org\/{rel}","templated":true}]}}