{"id":3113,"date":"2019-07-08T16:27:24","date_gmt":"2019-07-08T14:27:24","guid":{"rendered":"http:\/\/atas.devsrvr.net\/prodotto\/candiman\/"},"modified":"2022-07-06T18:02:15","modified_gmt":"2022-07-06T16:02:15","slug":"candiman","status":"publish","type":"product","link":"https:\/\/www.atassrl.it\/de\/produkt\/candiman\/","title":{"rendered":"CANDIMAN"},"content":{"rendered":"<p style=\"font-weight: 400;\">Scheuerreiniger, der schnell Verschmutzungen durch \u00d6l, Fett, Schlamm usw. entfernt. Enth\u00e4lt Glycerin. Unverzichtbar f\u00fcr Mechaniker, Drucker, Gr\u00fcnder usw. (Formel beim Gesundheitsministerium hinterlegt).<\/p>\n","protected":false},"excerpt":{"rendered":"<p>HANDWASCHPASTE<\/p>\n","protected":false},"featured_media":8953,"template":"","meta":{"_acf_changed":false,"_seopress_robots_primary_cat":"","_seopress_titles_title":"","_seopress_titles_desc":"","_seopress_robots_index":"","_seopress_analysis_target_kw":""},"product_brand":[],"product_cat":[204],"product_tag":[735],"class_list":{"0":"post-3113","1":"product","2":"type-product","3":"status-publish","4":"has-post-thumbnail","6":"product_cat-handwaschmittel","7":"product_tag-zubehor","9":"first","10":"instock","11":"shipping-taxable","12":"product-type-variable"},"acf":[],"_links":{"self":[{"href":"https:\/\/www.atassrl.it\/de\/wp-json\/wp\/v2\/product\/3113","targetHints":{"allow":["GET"]}}],"collection":[{"href":"https:\/\/www.atassrl.it\/de\/wp-json\/wp\/v2\/product"}],"about":[{"href":"https:\/\/www.atassrl.it\/de\/wp-json\/wp\/v2\/types\/product"}],"wp:featuredmedia":[{"embeddable":true,"href":"https:\/\/www.atassrl.it\/de\/wp-json\/wp\/v2\/media\/8953"}],"wp:attachment":[{"href":"https:\/\/www.atassrl.it\/de\/wp-json\/wp\/v2\/media?parent=3113"}],"wp:term":[{"taxonomy":"product_brand","embeddable":true,"href":"https:\/\/www.atassrl.it\/de\/wp-json\/wp\/v2\/product_brand?post=3113"},{"taxonomy":"product_cat","embeddable":true,"href":"https:\/\/www.atassrl.it\/de\/wp-json\/wp\/v2\/product_cat?post=3113"},{"taxonomy":"product_tag","embeddable":true,"href":"https:\/\/www.atassrl.it\/de\/wp-json\/wp\/v2\/product_tag?post=3113"}],"curies":[{"name":"wp","href":"https:\/\/api.w.org\/{rel}","templated":true}]}}