{"id":3120,"date":"2019-07-08T16:30:09","date_gmt":"2019-07-08T14:30:09","guid":{"rendered":"http:\/\/atas.devsrvr.net\/prodotto\/candigel\/"},"modified":"2022-06-30T17:14:41","modified_gmt":"2022-06-30T15:14:41","slug":"candigel","status":"publish","type":"product","link":"https:\/\/www.atassrl.it\/de\/produkt\/candigel\/","title":{"rendered":"CANDIGEL"},"content":{"rendered":"<p>Konzentrierte Formel mit neutralem pH-Wert, die Fett- und Farbr\u00fcckst\u00e4nde gr\u00fcndlich l\u00f6st. Es enth\u00e4lt spezielle Substanzen mit weichmachender Wirkung f\u00fcr einen wirksamen Hautschutz. Zur Verwendung mit dem speziellen Spender (Formel beim Ministerium f\u00fcr \u00f6ffentliche Gesundheit hinterlegt).<\/p>\n","protected":false},"excerpt":{"rendered":"<p>HANDWASCHGEL<\/p>\n","protected":false},"featured_media":8948,"template":"","meta":{"_acf_changed":false,"_seopress_robots_primary_cat":"","_seopress_titles_title":"","_seopress_titles_desc":"","_seopress_robots_index":"","_seopress_analysis_target_kw":""},"product_brand":[],"product_cat":[204,185],"product_tag":[735],"class_list":{"0":"post-3120","1":"product","2":"type-product","3":"status-publish","4":"has-post-thumbnail","6":"product_cat-handwaschmittel","7":"product_cat-linea-atascar-de","8":"product_tag-zubehor","10":"first","11":"instock","12":"shipping-taxable","13":"product-type-simple"},"acf":[],"_links":{"self":[{"href":"https:\/\/www.atassrl.it\/de\/wp-json\/wp\/v2\/product\/3120","targetHints":{"allow":["GET"]}}],"collection":[{"href":"https:\/\/www.atassrl.it\/de\/wp-json\/wp\/v2\/product"}],"about":[{"href":"https:\/\/www.atassrl.it\/de\/wp-json\/wp\/v2\/types\/product"}],"wp:featuredmedia":[{"embeddable":true,"href":"https:\/\/www.atassrl.it\/de\/wp-json\/wp\/v2\/media\/8948"}],"wp:attachment":[{"href":"https:\/\/www.atassrl.it\/de\/wp-json\/wp\/v2\/media?parent=3120"}],"wp:term":[{"taxonomy":"product_brand","embeddable":true,"href":"https:\/\/www.atassrl.it\/de\/wp-json\/wp\/v2\/product_brand?post=3120"},{"taxonomy":"product_cat","embeddable":true,"href":"https:\/\/www.atassrl.it\/de\/wp-json\/wp\/v2\/product_cat?post=3120"},{"taxonomy":"product_tag","embeddable":true,"href":"https:\/\/www.atassrl.it\/de\/wp-json\/wp\/v2\/product_tag?post=3120"}],"curies":[{"name":"wp","href":"https:\/\/api.w.org\/{rel}","templated":true}]}}