{"id":3123,"date":"2019-07-08T16:32:42","date_gmt":"2019-07-08T14:32:42","guid":{"rendered":"http:\/\/atas.devsrvr.net\/prodotto\/drygen\/"},"modified":"2022-06-30T16:37:34","modified_gmt":"2022-06-30T14:37:34","slug":"drygen","status":"publish","type":"product","link":"https:\/\/www.atassrl.it\/de\/produkt\/drygen\/","title":{"rendered":"DRYGEN"},"content":{"rendered":"<p>Unverzichtbar f\u00fcr Reisende, reinigt und hygienisiert es schnell und effektiv ohne Wasser. Es trocknet schnell, ohne R\u00fcckst\u00e4nde zu hinterlassen, hinterl\u00e4sst die Haut weich und zart duftend. (Formel beim Gesundheitsministerium eingereicht).<\/p>\n","protected":false},"excerpt":{"rendered":"<p>HYGIENISIERENDES HANDGEL<\/p>\n","protected":false},"featured_media":8881,"template":"","meta":{"_acf_changed":false,"_seopress_robots_primary_cat":"","_seopress_titles_title":"","_seopress_titles_desc":"","_seopress_robots_index":"","_seopress_analysis_target_kw":""},"product_brand":[],"product_cat":[254,393,185],"product_tag":[],"class_list":{"0":"post-3123","1":"product","2":"type-product","3":"status-publish","4":"has-post-thumbnail","6":"product_cat-handwaschmittel-de","7":"product_cat-hygienisierungsmittel","8":"product_cat-linea-atascar-de","10":"first","11":"instock","12":"shipping-taxable","13":"product-type-variable"},"acf":[],"_links":{"self":[{"href":"https:\/\/www.atassrl.it\/de\/wp-json\/wp\/v2\/product\/3123","targetHints":{"allow":["GET"]}}],"collection":[{"href":"https:\/\/www.atassrl.it\/de\/wp-json\/wp\/v2\/product"}],"about":[{"href":"https:\/\/www.atassrl.it\/de\/wp-json\/wp\/v2\/types\/product"}],"wp:featuredmedia":[{"embeddable":true,"href":"https:\/\/www.atassrl.it\/de\/wp-json\/wp\/v2\/media\/8881"}],"wp:attachment":[{"href":"https:\/\/www.atassrl.it\/de\/wp-json\/wp\/v2\/media?parent=3123"}],"wp:term":[{"taxonomy":"product_brand","embeddable":true,"href":"https:\/\/www.atassrl.it\/de\/wp-json\/wp\/v2\/product_brand?post=3123"},{"taxonomy":"product_cat","embeddable":true,"href":"https:\/\/www.atassrl.it\/de\/wp-json\/wp\/v2\/product_cat?post=3123"},{"taxonomy":"product_tag","embeddable":true,"href":"https:\/\/www.atassrl.it\/de\/wp-json\/wp\/v2\/product_tag?post=3123"}],"curies":[{"name":"wp","href":"https:\/\/api.w.org\/{rel}","templated":true}]}}