{"id":3128,"date":"2019-07-08T16:38:26","date_gmt":"2019-07-08T14:38:26","guid":{"rendered":"http:\/\/atas.devsrvr.net\/prodotto\/uniman-pasta\/"},"modified":"2022-06-30T16:58:06","modified_gmt":"2022-06-30T14:58:06","slug":"uniman-pasta","status":"publish","type":"product","link":"https:\/\/www.atassrl.it\/de\/produkt\/uniman-pasta\/","title":{"rendered":"UNIMAN PASTA"},"content":{"rendered":"<p>Produkt reich an wertvollen und hautsch\u00fctzenden Substanzen, das eine perfekte Reinigung von Fett und Schlamm gew\u00e4hrleistet und gleichzeitig die Haut schont. Ein paar Gramm des Produkts reichen aus, um \u00fcberraschende Ergebnisse zu garantieren (Formel, die beim Ministerium f\u00fcr \u00f6ffentliche Gesundheit registriert ist).<\/p>\n","protected":false},"excerpt":{"rendered":"<p>ABRASIVE DUFTENDE HANDW\u00c4SCHE<\/p>\n","protected":false},"featured_media":8933,"template":"","meta":{"_acf_changed":false,"_seopress_robots_primary_cat":"","_seopress_titles_title":"","_seopress_titles_desc":"","_seopress_robots_index":"","_seopress_analysis_target_kw":""},"product_brand":[],"product_cat":[204,185],"product_tag":[735],"class_list":{"0":"post-3128","1":"product","2":"type-product","3":"status-publish","4":"has-post-thumbnail","6":"product_cat-handwaschmittel","7":"product_cat-linea-atascar-de","8":"product_tag-zubehor","10":"first","11":"instock","12":"shipping-taxable","13":"product-type-variable"},"acf":[],"_links":{"self":[{"href":"https:\/\/www.atassrl.it\/de\/wp-json\/wp\/v2\/product\/3128","targetHints":{"allow":["GET"]}}],"collection":[{"href":"https:\/\/www.atassrl.it\/de\/wp-json\/wp\/v2\/product"}],"about":[{"href":"https:\/\/www.atassrl.it\/de\/wp-json\/wp\/v2\/types\/product"}],"wp:featuredmedia":[{"embeddable":true,"href":"https:\/\/www.atassrl.it\/de\/wp-json\/wp\/v2\/media\/8933"}],"wp:attachment":[{"href":"https:\/\/www.atassrl.it\/de\/wp-json\/wp\/v2\/media?parent=3128"}],"wp:term":[{"taxonomy":"product_brand","embeddable":true,"href":"https:\/\/www.atassrl.it\/de\/wp-json\/wp\/v2\/product_brand?post=3128"},{"taxonomy":"product_cat","embeddable":true,"href":"https:\/\/www.atassrl.it\/de\/wp-json\/wp\/v2\/product_cat?post=3128"},{"taxonomy":"product_tag","embeddable":true,"href":"https:\/\/www.atassrl.it\/de\/wp-json\/wp\/v2\/product_tag?post=3128"}],"curies":[{"name":"wp","href":"https:\/\/api.w.org\/{rel}","templated":true}]}}