{"id":3137,"date":"2019-07-08T16:41:27","date_gmt":"2019-07-08T14:41:27","guid":{"rendered":"http:\/\/atas.devsrvr.net\/prodotto\/uniman-cream\/"},"modified":"2022-06-30T17:07:12","modified_gmt":"2022-06-30T15:07:12","slug":"uniman-cream","status":"publish","type":"product","link":"https:\/\/www.atassrl.it\/de\/produkt\/uniman-cream\/","title":{"rendered":"UNIMAN CREAM"},"content":{"rendered":"<p>Cremiges Produkt mit neutralem pH-Wert, das die H\u00e4nde sanft reinigt und \u00d6l, Fett und Tinte entfernt. Angenehm duftend enth\u00e4lt es besondere Substanzen mit hautsch\u00fctzender Wirkung. Mit Spender (Formel beim Gesundheitsministerium registriert).<\/p>\n","protected":false},"excerpt":{"rendered":"<p>HANDWASCHCREME<\/p>\n","protected":false},"featured_media":8928,"template":"","meta":{"_acf_changed":false,"_seopress_robots_primary_cat":"","_seopress_titles_title":"","_seopress_titles_desc":"","_seopress_robots_index":"","_seopress_analysis_target_kw":""},"product_brand":[],"product_cat":[204,185],"product_tag":[735],"class_list":{"0":"post-3137","1":"product","2":"type-product","3":"status-publish","4":"has-post-thumbnail","6":"product_cat-handwaschmittel","7":"product_cat-linea-atascar-de","8":"product_tag-zubehor","10":"first","11":"instock","12":"shipping-taxable","13":"product-type-variable"},"acf":[],"_links":{"self":[{"href":"https:\/\/www.atassrl.it\/de\/wp-json\/wp\/v2\/product\/3137","targetHints":{"allow":["GET"]}}],"collection":[{"href":"https:\/\/www.atassrl.it\/de\/wp-json\/wp\/v2\/product"}],"about":[{"href":"https:\/\/www.atassrl.it\/de\/wp-json\/wp\/v2\/types\/product"}],"wp:featuredmedia":[{"embeddable":true,"href":"https:\/\/www.atassrl.it\/de\/wp-json\/wp\/v2\/media\/8928"}],"wp:attachment":[{"href":"https:\/\/www.atassrl.it\/de\/wp-json\/wp\/v2\/media?parent=3137"}],"wp:term":[{"taxonomy":"product_brand","embeddable":true,"href":"https:\/\/www.atassrl.it\/de\/wp-json\/wp\/v2\/product_brand?post=3137"},{"taxonomy":"product_cat","embeddable":true,"href":"https:\/\/www.atassrl.it\/de\/wp-json\/wp\/v2\/product_cat?post=3137"},{"taxonomy":"product_tag","embeddable":true,"href":"https:\/\/www.atassrl.it\/de\/wp-json\/wp\/v2\/product_tag?post=3137"}],"curies":[{"name":"wp","href":"https:\/\/api.w.org\/{rel}","templated":true}]}}