{"id":3150,"date":"2019-07-08T16:50:51","date_gmt":"2019-07-08T14:50:51","guid":{"rendered":"http:\/\/atas.devsrvr.net\/prodotto\/vinet-2\/"},"modified":"2022-06-30T17:28:04","modified_gmt":"2022-06-30T15:28:04","slug":"vinet-2","status":"publish","type":"product","link":"https:\/\/www.atassrl.it\/de\/produkt\/vinet-2\/","title":{"rendered":"VINET"},"content":{"rendered":"<p>Schwach sch\u00e4umendes Produkt, geeignet zum Reinigen und Desinfizieren von harten Oberfl\u00e4chen wie Kunststoff- oder Holzautoinnenr\u00e4umen lackiert, laminiert, lackiert, Metall, Kunststoffe, Werkstattb\u00f6den, Werkzeugmaschinen, Filter, Hauben usw. Es kann auch zur \u00e4u\u00dferen Entfettung von Motoren und mechanischen Teilen im Allgemeinen verwendet werden. Hochkonzentriert.<\/p>\n","protected":false},"excerpt":{"rendered":"<p>FL\u00dcSSIGMEHRZWECKWASCHMITTEL<\/p>\n","protected":false},"featured_media":2541,"template":"","meta":{"_acf_changed":false,"_seopress_robots_primary_cat":"","_seopress_titles_title":"","_seopress_titles_desc":"","_seopress_robots_index":"","_seopress_analysis_target_kw":""},"product_brand":[],"product_cat":[723,185],"product_tag":[],"class_list":{"0":"post-3150","1":"product","2":"type-product","3":"status-publish","4":"has-post-thumbnail","6":"product_cat-ausenreiniger","7":"product_cat-linea-atascar-de","9":"first","10":"instock","11":"shipping-taxable","12":"product-type-simple"},"acf":[],"_links":{"self":[{"href":"https:\/\/www.atassrl.it\/de\/wp-json\/wp\/v2\/product\/3150","targetHints":{"allow":["GET"]}}],"collection":[{"href":"https:\/\/www.atassrl.it\/de\/wp-json\/wp\/v2\/product"}],"about":[{"href":"https:\/\/www.atassrl.it\/de\/wp-json\/wp\/v2\/types\/product"}],"wp:featuredmedia":[{"embeddable":true,"href":"https:\/\/www.atassrl.it\/de\/wp-json\/wp\/v2\/media\/2541"}],"wp:attachment":[{"href":"https:\/\/www.atassrl.it\/de\/wp-json\/wp\/v2\/media?parent=3150"}],"wp:term":[{"taxonomy":"product_brand","embeddable":true,"href":"https:\/\/www.atassrl.it\/de\/wp-json\/wp\/v2\/product_brand?post=3150"},{"taxonomy":"product_cat","embeddable":true,"href":"https:\/\/www.atassrl.it\/de\/wp-json\/wp\/v2\/product_cat?post=3150"},{"taxonomy":"product_tag","embeddable":true,"href":"https:\/\/www.atassrl.it\/de\/wp-json\/wp\/v2\/product_tag?post=3150"}],"curies":[{"name":"wp","href":"https:\/\/api.w.org\/{rel}","templated":true}]}}