{"id":3153,"date":"2019-07-08T16:56:28","date_gmt":"2019-07-08T14:56:28","guid":{"rendered":"http:\/\/atas.devsrvr.net\/prodotto\/proteo\/"},"modified":"2022-06-30T17:29:02","modified_gmt":"2022-06-30T15:29:02","slug":"proteo","status":"publish","type":"product","link":"https:\/\/www.atassrl.it\/de\/produkt\/proteo\/","title":{"rendered":"PROTEO"},"content":{"rendered":"<p>Niedrig alkalisches Reinigungsmittel f\u00fcr die perfekte und sichere Reinigung von Autos, Lieferwagen, Wohnwagen, Wohnmobilen. Wirksam gegen fettigen Schmutz, Smog, Erd- und \u00d6lr\u00fcckst\u00e4nde, greift Lacke, Leisten und Profile verschiedenster Art nicht an. Es l\u00e4sst sich leicht aussp\u00fclen und ist auch bei hohen Temperaturen sicher. Es kann in B\u00fcrstenwaschanlagen und zum manuellen Waschen mit Schwamm oder B\u00fcrste verwendet werden. Auch f\u00fcr Motorr\u00e4der und Roller geeignet.<\/p>\n<p>&nbsp;<\/p>\n","protected":false},"excerpt":{"rendered":"<p>NIEDRIGE ALKALINIT\u00c4T VORW\u00c4SCHE<\/p>\n","protected":false},"featured_media":8963,"template":"","meta":{"_acf_changed":false,"_seopress_robots_primary_cat":"","_seopress_titles_title":"","_seopress_titles_desc":"","_seopress_robots_index":"","_seopress_analysis_target_kw":""},"product_brand":[],"product_cat":[723,185],"product_tag":[],"class_list":{"0":"post-3153","1":"product","2":"type-product","3":"status-publish","4":"has-post-thumbnail","6":"product_cat-ausenreiniger","7":"product_cat-linea-atascar-de","9":"first","10":"instock","11":"shipping-taxable","12":"product-type-simple"},"acf":[],"_links":{"self":[{"href":"https:\/\/www.atassrl.it\/de\/wp-json\/wp\/v2\/product\/3153","targetHints":{"allow":["GET"]}}],"collection":[{"href":"https:\/\/www.atassrl.it\/de\/wp-json\/wp\/v2\/product"}],"about":[{"href":"https:\/\/www.atassrl.it\/de\/wp-json\/wp\/v2\/types\/product"}],"wp:featuredmedia":[{"embeddable":true,"href":"https:\/\/www.atassrl.it\/de\/wp-json\/wp\/v2\/media\/8963"}],"wp:attachment":[{"href":"https:\/\/www.atassrl.it\/de\/wp-json\/wp\/v2\/media?parent=3153"}],"wp:term":[{"taxonomy":"product_brand","embeddable":true,"href":"https:\/\/www.atassrl.it\/de\/wp-json\/wp\/v2\/product_brand?post=3153"},{"taxonomy":"product_cat","embeddable":true,"href":"https:\/\/www.atassrl.it\/de\/wp-json\/wp\/v2\/product_cat?post=3153"},{"taxonomy":"product_tag","embeddable":true,"href":"https:\/\/www.atassrl.it\/de\/wp-json\/wp\/v2\/product_tag?post=3153"}],"curies":[{"name":"wp","href":"https:\/\/api.w.org\/{rel}","templated":true}]}}