{"id":3156,"date":"2019-07-08T16:59:04","date_gmt":"2019-07-08T14:59:04","guid":{"rendered":"http:\/\/atas.devsrvr.net\/prodotto\/deco\/"},"modified":"2022-06-30T17:25:32","modified_gmt":"2022-06-30T15:25:32","slug":"deco","status":"publish","type":"product","link":"https:\/\/www.atassrl.it\/de\/produkt\/deco\/","title":{"rendered":"DECO"},"content":{"rendered":"<p>Einer unserer Bestseller. Es beseitigt gr\u00fcndlich fettigen Schmutz und Smog. Auch f\u00fcr hartes Wasser geeignet, enth\u00e4lt Substanzen mit antistatischer und polierender Wirkung. Auch g\u00fcltig an Selbstbedienung, Tunneln, Portalen, zur Reinigung von Pkw, Lkw, R\u00e4dern und Motoren. Bei Vorhandensein von Profilen und hohen Temperaturen auf gek\u00fchlten Oberfl\u00e4chen arbeiten. Nicht auf Fahrr\u00e4dern und Motorr\u00e4dern verwenden.<\/p>\n","protected":false},"excerpt":{"rendered":"<p>WASCHMITTEL F\u00dcR AUTOWASCHEN<\/p>\n","protected":false},"featured_media":8978,"template":"","meta":{"_acf_changed":false,"_seopress_robots_primary_cat":"","_seopress_titles_title":"","_seopress_titles_desc":"","_seopress_robots_index":"","_seopress_analysis_target_kw":""},"product_brand":[],"product_cat":[723,185],"product_tag":[895],"class_list":{"0":"post-3156","1":"product","2":"type-product","3":"status-publish","4":"has-post-thumbnail","6":"product_cat-ausenreiniger","7":"product_cat-linea-atascar-de","8":"product_tag-waschen","10":"first","11":"instock","12":"shipping-taxable","13":"product-type-simple"},"acf":[],"_links":{"self":[{"href":"https:\/\/www.atassrl.it\/de\/wp-json\/wp\/v2\/product\/3156","targetHints":{"allow":["GET"]}}],"collection":[{"href":"https:\/\/www.atassrl.it\/de\/wp-json\/wp\/v2\/product"}],"about":[{"href":"https:\/\/www.atassrl.it\/de\/wp-json\/wp\/v2\/types\/product"}],"wp:featuredmedia":[{"embeddable":true,"href":"https:\/\/www.atassrl.it\/de\/wp-json\/wp\/v2\/media\/8978"}],"wp:attachment":[{"href":"https:\/\/www.atassrl.it\/de\/wp-json\/wp\/v2\/media?parent=3156"}],"wp:term":[{"taxonomy":"product_brand","embeddable":true,"href":"https:\/\/www.atassrl.it\/de\/wp-json\/wp\/v2\/product_brand?post=3156"},{"taxonomy":"product_cat","embeddable":true,"href":"https:\/\/www.atassrl.it\/de\/wp-json\/wp\/v2\/product_cat?post=3156"},{"taxonomy":"product_tag","embeddable":true,"href":"https:\/\/www.atassrl.it\/de\/wp-json\/wp\/v2\/product_tag?post=3156"}],"curies":[{"name":"wp","href":"https:\/\/api.w.org\/{rel}","templated":true}]}}