{"id":3999,"date":"2019-07-08T17:26:06","date_gmt":"2019-07-08T15:26:06","guid":{"rendered":"http:\/\/atas.devsrvr.net\/prodotto\/proteo-2\/"},"modified":"2022-07-22T14:35:30","modified_gmt":"2022-07-22T12:35:30","slug":"proteo-2","status":"publish","type":"product","link":"https:\/\/www.atassrl.it\/de\/produkt\/proteo-2\/","title":{"rendered":"PROTEO"},"content":{"rendered":"<div class=\"page\" title=\"Page 9\">\n<div class=\"section\">\n<div class=\"layoutArea\">\n<div class=\"column\">\n<p style=\"font-weight: 400;\">Mittelstark sch\u00e4umendes Produkt der neuen Generation f\u00fcr die sichere Reinigung von Autos, Wohnwagen und Wohnmobilen, das sowohl f\u00fcr die manuelle als auch f\u00fcr die Niederdruckreinigung empfohlen wird. Es frisst sich nicht in Profile, Formen, Kunststoff- und Aluminiumteile. Reich an weichmachenden Substanzen, schmilzt der Schmutz schnell und hinterl\u00e4sst die Oberfl\u00e4chen sauber und gl\u00e4nzend. In Wasser verd\u00fcnnen. Die V2-Version mit einem Minor-Aktiv ist ebenfalls verf\u00fcgbar.<\/p>\n<\/div>\n<\/div>\n<\/div>\n<\/div>\n","protected":false},"excerpt":{"rendered":"<div class=\"page\" title=\"Page 9\">\n<div class=\"section\">\n<div class=\"layoutArea\">\n<div class=\"column\">\n<p style=\"font-weight: 400;\">WASCHMITTEL MIT NIEDRIGER ALKALIT\u00c4T<\/p>\n<\/div>\n<\/div>\n<\/div>\n<\/div>\n","protected":false},"featured_media":4145,"template":"","meta":{"_acf_changed":false,"_seopress_robots_primary_cat":"","_seopress_titles_title":"","_seopress_titles_desc":"","_seopress_robots_index":"","_seopress_analysis_target_kw":""},"product_brand":[],"product_cat":[723,351],"product_tag":[],"class_list":{"0":"post-3999","1":"product","2":"type-product","3":"status-publish","4":"has-post-thumbnail","6":"product_cat-ausenreiniger","7":"product_cat-niedrige-alkalische-vorwaschmittel","9":"first","10":"instock","11":"shipping-taxable","12":"product-type-variable"},"acf":[],"_links":{"self":[{"href":"https:\/\/www.atassrl.it\/de\/wp-json\/wp\/v2\/product\/3999","targetHints":{"allow":["GET"]}}],"collection":[{"href":"https:\/\/www.atassrl.it\/de\/wp-json\/wp\/v2\/product"}],"about":[{"href":"https:\/\/www.atassrl.it\/de\/wp-json\/wp\/v2\/types\/product"}],"wp:featuredmedia":[{"embeddable":true,"href":"https:\/\/www.atassrl.it\/de\/wp-json\/wp\/v2\/media\/4145"}],"wp:attachment":[{"href":"https:\/\/www.atassrl.it\/de\/wp-json\/wp\/v2\/media?parent=3999"}],"wp:term":[{"taxonomy":"product_brand","embeddable":true,"href":"https:\/\/www.atassrl.it\/de\/wp-json\/wp\/v2\/product_brand?post=3999"},{"taxonomy":"product_cat","embeddable":true,"href":"https:\/\/www.atassrl.it\/de\/wp-json\/wp\/v2\/product_cat?post=3999"},{"taxonomy":"product_tag","embeddable":true,"href":"https:\/\/www.atassrl.it\/de\/wp-json\/wp\/v2\/product_tag?post=3999"}],"curies":[{"name":"wp","href":"https:\/\/api.w.org\/{rel}","templated":true}]}}