{"id":4188,"date":"2019-07-08T17:32:20","date_gmt":"2019-07-08T15:32:20","guid":{"rendered":"http:\/\/atas.devsrvr.net\/prodotto\/forclean-3\/"},"modified":"2022-07-27T17:52:14","modified_gmt":"2022-07-27T15:52:14","slug":"forclean-3","status":"publish","type":"product","link":"https:\/\/www.atassrl.it\/de\/produkt\/forclean-3\/","title":{"rendered":"FORCLEAN"},"content":{"rendered":"<div class=\"page\" title=\"Page 9\">\n<div class=\"section\">\n<div class=\"layoutArea\">\n<div class=\"column\">\n<p>Reich an Emulgatoren und Chelatbildnern, ist es ein perfektes Vorwaschmittel f\u00fcr Autos und reinigt und entfettet die \u00e4u\u00dferen Teile der Motoren von Autos, Motorr\u00e4dern und Booten. Es ist sicher w\u00e4hrend der hei\u00dfen Jahreszeit und hinterl\u00e4sst die Oberfl\u00e4chen sauber und gl\u00e4nzend. Geruchlos, enth\u00e4lt keine L\u00f6sungsmittel. Es ist vollst\u00e4ndig biologisch abbaubar und kann mit Wasser verd\u00fcnnt werden. Es frisst sich nicht in Lacke, Aluminium, Legierungen, Kunststoff oder Gummi ein.<\/p>\n<\/div>\n<\/div>\n<\/div>\n<\/div>\n","protected":false},"excerpt":{"rendered":"<div class=\"page\" title=\"Page 9\">\n<div class=\"section\">\n<div class=\"layoutArea\">\n<div class=\"column\">\n<p>ENTFETTER F\u00dcR MECHANISCHE TEILE \u2013 SOMMERVORWASCHMITTEL<\/p>\n<\/div>\n<\/div>\n<\/div>\n<\/div>\n","protected":false},"featured_media":4083,"template":"","meta":{"_acf_changed":false,"_seopress_robots_primary_cat":"","_seopress_titles_title":"","_seopress_titles_desc":"","_seopress_robots_index":"","_seopress_analysis_target_kw":""},"product_brand":[],"product_cat":[723,351],"product_tag":[],"class_list":{"0":"post-4188","1":"product","2":"type-product","3":"status-publish","4":"has-post-thumbnail","6":"product_cat-ausenreiniger","7":"product_cat-niedrige-alkalische-vorwaschmittel","9":"first","10":"instock","11":"shipping-taxable","12":"product-type-variable"},"acf":[],"_links":{"self":[{"href":"https:\/\/www.atassrl.it\/de\/wp-json\/wp\/v2\/product\/4188","targetHints":{"allow":["GET"]}}],"collection":[{"href":"https:\/\/www.atassrl.it\/de\/wp-json\/wp\/v2\/product"}],"about":[{"href":"https:\/\/www.atassrl.it\/de\/wp-json\/wp\/v2\/types\/product"}],"wp:featuredmedia":[{"embeddable":true,"href":"https:\/\/www.atassrl.it\/de\/wp-json\/wp\/v2\/media\/4083"}],"wp:attachment":[{"href":"https:\/\/www.atassrl.it\/de\/wp-json\/wp\/v2\/media?parent=4188"}],"wp:term":[{"taxonomy":"product_brand","embeddable":true,"href":"https:\/\/www.atassrl.it\/de\/wp-json\/wp\/v2\/product_brand?post=4188"},{"taxonomy":"product_cat","embeddable":true,"href":"https:\/\/www.atassrl.it\/de\/wp-json\/wp\/v2\/product_cat?post=4188"},{"taxonomy":"product_tag","embeddable":true,"href":"https:\/\/www.atassrl.it\/de\/wp-json\/wp\/v2\/product_tag?post=4188"}],"curies":[{"name":"wp","href":"https:\/\/api.w.org\/{rel}","templated":true}]}}