{"id":4196,"date":"2019-07-08T17:39:11","date_gmt":"2019-07-08T15:39:11","guid":{"rendered":"http:\/\/atas.devsrvr.net\/prodotto\/namar-e\/"},"modified":"2022-07-27T17:58:07","modified_gmt":"2022-07-27T15:58:07","slug":"namar-e","status":"publish","type":"product","link":"https:\/\/www.atassrl.it\/de\/produkt\/namar-e\/","title":{"rendered":"NAMAR E"},"content":{"rendered":"<div class=\"page\" title=\"Page 10\">\n<div class=\"section\">\n<div class=\"layoutArea\">\n<div class=\"column\">\n<p style=\"font-weight: 400;\">Geruchloser Einzelkomponenten-Reiniger mit reduzierter Alkalit\u00e4t, wirksam gegen Schmutz, Fett, Smog und Erde. Dank der weichmachenden Wirkung seines weichen Schaums wirkt es schnell und gr\u00fcndlich auf Schmutz, ohne die Oberfl\u00e4chen zu besch\u00e4digen, die nach dem Sp\u00fclen sauber und gl\u00e4nzend bleiben. Es enth\u00e4lt Komplexbildner, die es erm\u00f6glichen, die Wirksamkeit des Produkts auch in Gegenwart von salzreichen Gew\u00e4ssern unver\u00e4ndert zu erhalten.<\/p>\n<\/div>\n<\/div>\n<\/div>\n<\/div>\n","protected":false},"excerpt":{"rendered":"<div class=\"page\" title=\"Page 10\">\n<div class=\"section\">\n<div class=\"layoutArea\">\n<div class=\"column\">\n<div><span lang=\"DE\">VORWASCHMITTEL<\/span><\/div>\n<\/div>\n<\/div>\n<\/div>\n<\/div>\n","protected":false},"featured_media":4121,"template":"","meta":{"_acf_changed":false,"_seopress_robots_primary_cat":"","_seopress_titles_title":"","_seopress_titles_desc":"","_seopress_robots_index":"","_seopress_analysis_target_kw":""},"product_brand":[],"product_cat":[351],"product_tag":[],"class_list":{"0":"post-4196","1":"product","2":"type-product","3":"status-publish","4":"has-post-thumbnail","6":"product_cat-niedrige-alkalische-vorwaschmittel","8":"first","9":"instock","10":"shipping-taxable","11":"product-type-variable"},"acf":[],"_links":{"self":[{"href":"https:\/\/www.atassrl.it\/de\/wp-json\/wp\/v2\/product\/4196","targetHints":{"allow":["GET"]}}],"collection":[{"href":"https:\/\/www.atassrl.it\/de\/wp-json\/wp\/v2\/product"}],"about":[{"href":"https:\/\/www.atassrl.it\/de\/wp-json\/wp\/v2\/types\/product"}],"wp:featuredmedia":[{"embeddable":true,"href":"https:\/\/www.atassrl.it\/de\/wp-json\/wp\/v2\/media\/4121"}],"wp:attachment":[{"href":"https:\/\/www.atassrl.it\/de\/wp-json\/wp\/v2\/media?parent=4196"}],"wp:term":[{"taxonomy":"product_brand","embeddable":true,"href":"https:\/\/www.atassrl.it\/de\/wp-json\/wp\/v2\/product_brand?post=4196"},{"taxonomy":"product_cat","embeddable":true,"href":"https:\/\/www.atassrl.it\/de\/wp-json\/wp\/v2\/product_cat?post=4196"},{"taxonomy":"product_tag","embeddable":true,"href":"https:\/\/www.atassrl.it\/de\/wp-json\/wp\/v2\/product_tag?post=4196"}],"curies":[{"name":"wp","href":"https:\/\/api.w.org\/{rel}","templated":true}]}}