{"id":4206,"date":"2019-07-08T17:52:07","date_gmt":"2019-07-08T15:52:07","guid":{"rendered":"http:\/\/atas.devsrvr.net\/prodotto\/deco-2\/"},"modified":"2022-07-28T09:17:06","modified_gmt":"2022-07-28T07:17:06","slug":"deco-2","status":"publish","type":"product","link":"https:\/\/www.atassrl.it\/de\/produkt\/deco-2\/","title":{"rendered":"DECO"},"content":{"rendered":"<p style=\"font-weight: 400;\">Das meistgefragte Autowaschmittel: Die perfekte Ausgewogenheit seiner Komponenten garantiert hervorragende Ergebnisse. Es beseitigt gr\u00fcndlich fettigen Schmutz und Smog, ohne Lacke und Profile zu ver\u00e4ndern. Reich an Sequestriermitteln, bleibt es auch bei besonders \u201ehartem\u201c Wasser lange aktiv. Es enth\u00e4lt spezielle Substanzen mit antistatischer und polierender Wirkung und ist auch f\u00fcr SB-W\u00e4schen geeignet. Gilt auch f\u00fcr Felgen.<\/p>\n","protected":false},"excerpt":{"rendered":"<div><span lang=\"DE\">AUTOWASCHMITTEL<\/span><\/div>\n","protected":false},"featured_media":4026,"template":"","meta":{"_acf_changed":false,"_seopress_robots_primary_cat":"","_seopress_titles_title":"","_seopress_titles_desc":"","_seopress_robots_index":"","_seopress_analysis_target_kw":""},"product_brand":[],"product_cat":[723,355],"product_tag":[],"class_list":{"0":"post-4206","1":"product","2":"type-product","3":"status-publish","4":"has-post-thumbnail","6":"product_cat-ausenreiniger","7":"product_cat-mittelstaerkende-vorwaschmittel","9":"first","10":"instock","11":"shipping-taxable","12":"product-type-variable"},"acf":[],"_links":{"self":[{"href":"https:\/\/www.atassrl.it\/de\/wp-json\/wp\/v2\/product\/4206","targetHints":{"allow":["GET"]}}],"collection":[{"href":"https:\/\/www.atassrl.it\/de\/wp-json\/wp\/v2\/product"}],"about":[{"href":"https:\/\/www.atassrl.it\/de\/wp-json\/wp\/v2\/types\/product"}],"wp:featuredmedia":[{"embeddable":true,"href":"https:\/\/www.atassrl.it\/de\/wp-json\/wp\/v2\/media\/4026"}],"wp:attachment":[{"href":"https:\/\/www.atassrl.it\/de\/wp-json\/wp\/v2\/media?parent=4206"}],"wp:term":[{"taxonomy":"product_brand","embeddable":true,"href":"https:\/\/www.atassrl.it\/de\/wp-json\/wp\/v2\/product_brand?post=4206"},{"taxonomy":"product_cat","embeddable":true,"href":"https:\/\/www.atassrl.it\/de\/wp-json\/wp\/v2\/product_cat?post=4206"},{"taxonomy":"product_tag","embeddable":true,"href":"https:\/\/www.atassrl.it\/de\/wp-json\/wp\/v2\/product_tag?post=4206"}],"curies":[{"name":"wp","href":"https:\/\/api.w.org\/{rel}","templated":true}]}}