{"id":4211,"date":"2019-07-08T17:48:51","date_gmt":"2019-07-08T15:48:51","guid":{"rendered":"http:\/\/atas.devsrvr.net\/prodotto\/ecobril\/"},"modified":"2022-07-27T18:07:12","modified_gmt":"2022-07-27T16:07:12","slug":"ecobril","status":"publish","type":"product","link":"https:\/\/www.atassrl.it\/de\/produkt\/ecobril\/","title":{"rendered":"ECOBRIL"},"content":{"rendered":"<p style=\"font-weight: 400;\">Geeignet zum Vorwaschen und Waschen von Autos, LKWs, R\u00e4dern und der Au\u00dfenseite von Motoren, wirkt es schnell und gr\u00fcndlich auch auf mit Smog und Fett verkrusteten Verschmutzungen und hinterl\u00e4sst die Oberfl\u00e4chen perfekt sauber. M\u00e4\u00dfig sch\u00e4umend. Mit Wasser verd\u00fcnnen. Die \u201eCS\u201c-Version mit weniger Aktiv ist ebenfalls erh\u00e4ltlich.<\/p>\n","protected":false},"excerpt":{"rendered":"<div><span lang=\"DE\">VORW\u00c4SCHE F\u00dcR AUTOMATISCHE ANLAGEN<\/span><\/div>\n","protected":false},"featured_media":4059,"template":"","meta":{"_acf_changed":false,"_seopress_robots_primary_cat":"","_seopress_titles_title":"","_seopress_titles_desc":"","_seopress_robots_index":"","_seopress_analysis_target_kw":""},"product_brand":[],"product_cat":[355],"product_tag":[],"class_list":{"0":"post-4211","1":"product","2":"type-product","3":"status-publish","4":"has-post-thumbnail","6":"product_cat-mittelstaerkende-vorwaschmittel","8":"first","9":"instock","10":"shipping-taxable","11":"product-type-variable","12":"has-default-attributes"},"acf":[],"_links":{"self":[{"href":"https:\/\/www.atassrl.it\/de\/wp-json\/wp\/v2\/product\/4211","targetHints":{"allow":["GET"]}}],"collection":[{"href":"https:\/\/www.atassrl.it\/de\/wp-json\/wp\/v2\/product"}],"about":[{"href":"https:\/\/www.atassrl.it\/de\/wp-json\/wp\/v2\/types\/product"}],"wp:featuredmedia":[{"embeddable":true,"href":"https:\/\/www.atassrl.it\/de\/wp-json\/wp\/v2\/media\/4059"}],"wp:attachment":[{"href":"https:\/\/www.atassrl.it\/de\/wp-json\/wp\/v2\/media?parent=4211"}],"wp:term":[{"taxonomy":"product_brand","embeddable":true,"href":"https:\/\/www.atassrl.it\/de\/wp-json\/wp\/v2\/product_brand?post=4211"},{"taxonomy":"product_cat","embeddable":true,"href":"https:\/\/www.atassrl.it\/de\/wp-json\/wp\/v2\/product_cat?post=4211"},{"taxonomy":"product_tag","embeddable":true,"href":"https:\/\/www.atassrl.it\/de\/wp-json\/wp\/v2\/product_tag?post=4211"}],"curies":[{"name":"wp","href":"https:\/\/api.w.org\/{rel}","templated":true}]}}