{"id":4216,"date":"2019-07-09T15:00:08","date_gmt":"2019-07-09T13:00:08","guid":{"rendered":"http:\/\/atas.devsrvr.net\/prodotto\/lavaprofuma\/"},"modified":"2022-07-27T18:09:17","modified_gmt":"2022-07-27T16:09:17","slug":"lavaprofuma","status":"publish","type":"product","link":"https:\/\/www.atassrl.it\/de\/produkt\/lavaprofuma\/","title":{"rendered":"LAVA&amp;PROFUMA"},"content":{"rendered":"<p class=\"p1\">Hochkonzentrierter alkalischer Reiniger, geeignet f\u00fcr die Vorw\u00e4sche und Autow\u00e4sche in automatischen Anlagen. M\u00e4\u00dfig sch\u00e4umend und gekennzeichnet durch ausgew\u00e4hlte Essenzen, die f\u00fcr einen angenehmen und anhaltenden Duft im Waschbereich sorgen, hinterl\u00e4sst dieses Produkt keine R\u00fcckst\u00e4nde, da es leicht absp\u00fclbar und auch bei Vorhandensein von hartem Wasser wirksam ist.<\/p>\n","protected":false},"excerpt":{"rendered":"<div><span lang=\"DE\">DUFTENDES VORWASCHMITTEL<\/span><\/div>\n","protected":false},"featured_media":4111,"template":"","meta":{"_acf_changed":false,"_seopress_robots_primary_cat":"","_seopress_titles_title":"","_seopress_titles_desc":"","_seopress_robots_index":"","_seopress_analysis_target_kw":""},"product_brand":[],"product_cat":[355],"product_tag":[],"class_list":{"0":"post-4216","1":"product","2":"type-product","3":"status-publish","4":"has-post-thumbnail","6":"product_cat-mittelstaerkende-vorwaschmittel","8":"first","9":"instock","10":"shipping-taxable","11":"product-type-variable"},"acf":[],"_links":{"self":[{"href":"https:\/\/www.atassrl.it\/de\/wp-json\/wp\/v2\/product\/4216","targetHints":{"allow":["GET"]}}],"collection":[{"href":"https:\/\/www.atassrl.it\/de\/wp-json\/wp\/v2\/product"}],"about":[{"href":"https:\/\/www.atassrl.it\/de\/wp-json\/wp\/v2\/types\/product"}],"wp:featuredmedia":[{"embeddable":true,"href":"https:\/\/www.atassrl.it\/de\/wp-json\/wp\/v2\/media\/4111"}],"wp:attachment":[{"href":"https:\/\/www.atassrl.it\/de\/wp-json\/wp\/v2\/media?parent=4216"}],"wp:term":[{"taxonomy":"product_brand","embeddable":true,"href":"https:\/\/www.atassrl.it\/de\/wp-json\/wp\/v2\/product_brand?post=4216"},{"taxonomy":"product_cat","embeddable":true,"href":"https:\/\/www.atassrl.it\/de\/wp-json\/wp\/v2\/product_cat?post=4216"},{"taxonomy":"product_tag","embeddable":true,"href":"https:\/\/www.atassrl.it\/de\/wp-json\/wp\/v2\/product_tag?post=4216"}],"curies":[{"name":"wp","href":"https:\/\/api.w.org\/{rel}","templated":true}]}}