{"id":4219,"date":"2019-07-09T15:03:00","date_gmt":"2019-07-09T13:03:00","guid":{"rendered":"http:\/\/atas.devsrvr.net\/prodotto\/descar-s-prf\/"},"modified":"2022-07-27T18:12:06","modified_gmt":"2022-07-27T16:12:06","slug":"descar-s-prf","status":"publish","type":"product","link":"https:\/\/www.atassrl.it\/de\/produkt\/descar-s-prf\/","title":{"rendered":"DESCAR S PRF"},"content":{"rendered":"<p style=\"font-weight: 400;\">Aromatisierter alkalischer Einzelkomponenten-Reiniger mit hoher Wirksamkeit bei fettigen Verschmutzungen, Smog und \u00d6lr\u00fcckst\u00e4nden. Es erzeugt einen weichen Schaum mit weichmachender Wirkung. Vermeiden Sie bei geringen Verd\u00fcnnungen l\u00e4ngeren Kontakt mit Aluminium und seinen Legierungen. Verwenden Sie es nicht zum Waschen von Motorr\u00e4dern und Rollern.<\/p>\n","protected":false},"excerpt":{"rendered":"<div><span lang=\"DE\">AKTIVSCHAUM &#8211; HYGIENISIERENDES DUFTENDES WASCHMITTEL<\/span><\/div>\n","protected":false},"featured_media":4035,"template":"","meta":{"_acf_changed":false,"_seopress_robots_primary_cat":"","_seopress_titles_title":"","_seopress_titles_desc":"","_seopress_robots_index":"","_seopress_analysis_target_kw":""},"product_brand":[],"product_cat":[355],"product_tag":[],"class_list":{"0":"post-4219","1":"product","2":"type-product","3":"status-publish","4":"has-post-thumbnail","6":"product_cat-mittelstaerkende-vorwaschmittel","8":"first","9":"instock","10":"shipping-taxable","11":"product-type-variable"},"acf":[],"_links":{"self":[{"href":"https:\/\/www.atassrl.it\/de\/wp-json\/wp\/v2\/product\/4219","targetHints":{"allow":["GET"]}}],"collection":[{"href":"https:\/\/www.atassrl.it\/de\/wp-json\/wp\/v2\/product"}],"about":[{"href":"https:\/\/www.atassrl.it\/de\/wp-json\/wp\/v2\/types\/product"}],"wp:featuredmedia":[{"embeddable":true,"href":"https:\/\/www.atassrl.it\/de\/wp-json\/wp\/v2\/media\/4035"}],"wp:attachment":[{"href":"https:\/\/www.atassrl.it\/de\/wp-json\/wp\/v2\/media?parent=4219"}],"wp:term":[{"taxonomy":"product_brand","embeddable":true,"href":"https:\/\/www.atassrl.it\/de\/wp-json\/wp\/v2\/product_brand?post=4219"},{"taxonomy":"product_cat","embeddable":true,"href":"https:\/\/www.atassrl.it\/de\/wp-json\/wp\/v2\/product_cat?post=4219"},{"taxonomy":"product_tag","embeddable":true,"href":"https:\/\/www.atassrl.it\/de\/wp-json\/wp\/v2\/product_tag?post=4219"}],"curies":[{"name":"wp","href":"https:\/\/api.w.org\/{rel}","templated":true}]}}