{"id":4223,"date":"2019-07-09T15:05:48","date_gmt":"2019-07-09T13:05:48","guid":{"rendered":"http:\/\/atas.devsrvr.net\/prodotto\/decobi\/"},"modified":"2022-07-28T09:22:09","modified_gmt":"2022-07-28T07:22:09","slug":"decobi","status":"publish","type":"product","link":"https:\/\/www.atassrl.it\/de\/produkt\/decobi\/","title":{"rendered":"DECOBI"},"content":{"rendered":"<p style=\"font-weight: 400;\">Reich an hochl\u00f6slichen Tensiden, sorgt es f\u00fcr eine gr\u00fcndliche Reinigung und verleiht den Farben einen hervorragenden Glanz. Es ist reich an Komplexbildnern und bleibt auch in Gegenwart von hartem Wasser aktiv. Kontrolliertes Schaumprodukt, geeignet f\u00fcr Systeme mit Wasserumlauf. Mit Wasser verd\u00fcnnen.<\/p>\n","protected":false},"excerpt":{"rendered":"<div><span lang=\"DE\">VORW\u00c4SCHE-AUFHELLUNGSMITTEL OHNE PHOSPHATE<\/span><\/div>\n","protected":false},"featured_media":4027,"template":"","meta":{"_acf_changed":false,"_seopress_robots_primary_cat":"","_seopress_titles_title":"","_seopress_titles_desc":"","_seopress_robots_index":"","_seopress_analysis_target_kw":""},"product_brand":[],"product_cat":[355],"product_tag":[],"class_list":{"0":"post-4223","1":"product","2":"type-product","3":"status-publish","4":"has-post-thumbnail","6":"product_cat-mittelstaerkende-vorwaschmittel","8":"first","9":"instock","10":"shipping-taxable","11":"product-type-variable"},"acf":[],"_links":{"self":[{"href":"https:\/\/www.atassrl.it\/de\/wp-json\/wp\/v2\/product\/4223","targetHints":{"allow":["GET"]}}],"collection":[{"href":"https:\/\/www.atassrl.it\/de\/wp-json\/wp\/v2\/product"}],"about":[{"href":"https:\/\/www.atassrl.it\/de\/wp-json\/wp\/v2\/types\/product"}],"wp:featuredmedia":[{"embeddable":true,"href":"https:\/\/www.atassrl.it\/de\/wp-json\/wp\/v2\/media\/4027"}],"wp:attachment":[{"href":"https:\/\/www.atassrl.it\/de\/wp-json\/wp\/v2\/media?parent=4223"}],"wp:term":[{"taxonomy":"product_brand","embeddable":true,"href":"https:\/\/www.atassrl.it\/de\/wp-json\/wp\/v2\/product_brand?post=4223"},{"taxonomy":"product_cat","embeddable":true,"href":"https:\/\/www.atassrl.it\/de\/wp-json\/wp\/v2\/product_cat?post=4223"},{"taxonomy":"product_tag","embeddable":true,"href":"https:\/\/www.atassrl.it\/de\/wp-json\/wp\/v2\/product_tag?post=4223"}],"curies":[{"name":"wp","href":"https:\/\/api.w.org\/{rel}","templated":true}]}}