{"id":4227,"date":"2019-07-09T15:11:09","date_gmt":"2019-07-09T13:11:09","guid":{"rendered":"http:\/\/atas.devsrvr.net\/prodotto\/shower\/"},"modified":"2022-07-28T09:23:51","modified_gmt":"2022-07-28T07:23:51","slug":"shower","status":"publish","type":"product","link":"https:\/\/www.atassrl.it\/de\/produkt\/shower\/","title":{"rendered":"SHOWER"},"content":{"rendered":"<p style=\"font-weight: 400;\">Konzentriertes Produkt, das auch bei niedrigen Dosierungen eine hohe Leistung gew\u00e4hrleistet. Mit langsamer Verdunstung wirkt es in der Tiefe und in v\u00f6lliger Sicherheit. Es enth\u00e4lt sorgf\u00e4ltig ausgew\u00e4hlte Tenside, die sich leicht absp\u00fclen lassen und die Farben sauber und gl\u00e4nzend hinterlassen. Geeignet zum Waschen und Vorwaschen von Fahrzeugen. Mit Wasser verd\u00fcnnen.<\/p>\n","protected":false},"excerpt":{"rendered":"<div><span lang=\"DE\">VIELZWECKWASCHMITTEL F\u00dcR DEN AUSSENBEREICH<\/span><\/div>\n","protected":false},"featured_media":4158,"template":"","meta":{"_acf_changed":false,"_seopress_robots_primary_cat":"","_seopress_titles_title":"","_seopress_titles_desc":"","_seopress_robots_index":"","_seopress_analysis_target_kw":""},"product_brand":[],"product_cat":[355],"product_tag":[],"class_list":{"0":"post-4227","1":"product","2":"type-product","3":"status-publish","4":"has-post-thumbnail","6":"product_cat-mittelstaerkende-vorwaschmittel","8":"first","9":"instock","10":"shipping-taxable","11":"product-type-variable"},"acf":[],"_links":{"self":[{"href":"https:\/\/www.atassrl.it\/de\/wp-json\/wp\/v2\/product\/4227","targetHints":{"allow":["GET"]}}],"collection":[{"href":"https:\/\/www.atassrl.it\/de\/wp-json\/wp\/v2\/product"}],"about":[{"href":"https:\/\/www.atassrl.it\/de\/wp-json\/wp\/v2\/types\/product"}],"wp:featuredmedia":[{"embeddable":true,"href":"https:\/\/www.atassrl.it\/de\/wp-json\/wp\/v2\/media\/4158"}],"wp:attachment":[{"href":"https:\/\/www.atassrl.it\/de\/wp-json\/wp\/v2\/media?parent=4227"}],"wp:term":[{"taxonomy":"product_brand","embeddable":true,"href":"https:\/\/www.atassrl.it\/de\/wp-json\/wp\/v2\/product_brand?post=4227"},{"taxonomy":"product_cat","embeddable":true,"href":"https:\/\/www.atassrl.it\/de\/wp-json\/wp\/v2\/product_cat?post=4227"},{"taxonomy":"product_tag","embeddable":true,"href":"https:\/\/www.atassrl.it\/de\/wp-json\/wp\/v2\/product_tag?post=4227"}],"curies":[{"name":"wp","href":"https:\/\/api.w.org\/{rel}","templated":true}]}}