{"id":4232,"date":"2019-07-09T15:30:15","date_gmt":"2019-07-09T13:30:15","guid":{"rendered":"http:\/\/atas.devsrvr.net\/prodotto\/rial-2000-2\/"},"modified":"2022-07-28T09:27:08","modified_gmt":"2022-07-28T07:27:08","slug":"rial-2000-2","status":"publish","type":"product","link":"https:\/\/www.atassrl.it\/de\/produkt\/rial-2000-2\/","title":{"rendered":"RIAL 2000"},"content":{"rendered":"<p style=\"font-weight: 400;\">Der einzige Einschicht-Reiniger, der die Leistung von Zweikomponenten-Reinigern erreicht. Mit sehr hoher Reinigungskraft beseitigt er jede Art von Schmutz, ohne zu b\u00fcrsten. Leicht absp\u00fclbar mit antistatischer Wirkung, ver\u00e4ndert die behandelten Teile nicht. Geeignet f\u00fcr schwere Fahrzeuge, Planen, Autocontainer und allgemein zum Entfetten von mechanischen Teilen. Es gew\u00e4hrleistet hervorragende Ergebnisse auch bei Vorhandensein von salzreichem oder recyceltem Wasser. Ebenfalls erh\u00e4ltlich sind die &#8222;FT&#8220;-Versionen mit weniger Wirkstoff und &#8222;ANP&#8220; f\u00fcr die Lebensmittelindustrie.<\/p>\n","protected":false},"excerpt":{"rendered":"<div><span lang=\"DE\">SUPER EINPHASIGE AUSSENREINIGUNG<\/span><\/div>\n","protected":false},"featured_media":4151,"template":"","meta":{"_acf_changed":false,"_seopress_robots_primary_cat":"","_seopress_titles_title":"","_seopress_titles_desc":"","_seopress_robots_index":"","_seopress_analysis_target_kw":""},"product_brand":[],"product_cat":[274,815],"product_tag":[],"class_list":{"0":"post-4232","1":"product","2":"type-product","3":"status-publish","4":"has-post-thumbnail","6":"product_cat-linea-atasdet-de","7":"product_cat-outdoor-reiniger","9":"first","10":"instock","11":"shipping-taxable","12":"product-type-variable"},"acf":[],"_links":{"self":[{"href":"https:\/\/www.atassrl.it\/de\/wp-json\/wp\/v2\/product\/4232","targetHints":{"allow":["GET"]}}],"collection":[{"href":"https:\/\/www.atassrl.it\/de\/wp-json\/wp\/v2\/product"}],"about":[{"href":"https:\/\/www.atassrl.it\/de\/wp-json\/wp\/v2\/types\/product"}],"wp:featuredmedia":[{"embeddable":true,"href":"https:\/\/www.atassrl.it\/de\/wp-json\/wp\/v2\/media\/4151"}],"wp:attachment":[{"href":"https:\/\/www.atassrl.it\/de\/wp-json\/wp\/v2\/media?parent=4232"}],"wp:term":[{"taxonomy":"product_brand","embeddable":true,"href":"https:\/\/www.atassrl.it\/de\/wp-json\/wp\/v2\/product_brand?post=4232"},{"taxonomy":"product_cat","embeddable":true,"href":"https:\/\/www.atassrl.it\/de\/wp-json\/wp\/v2\/product_cat?post=4232"},{"taxonomy":"product_tag","embeddable":true,"href":"https:\/\/www.atassrl.it\/de\/wp-json\/wp\/v2\/product_tag?post=4232"}],"curies":[{"name":"wp","href":"https:\/\/api.w.org\/{rel}","templated":true}]}}