{"id":4237,"date":"2019-07-09T15:37:20","date_gmt":"2019-07-09T13:37:20","guid":{"rendered":"http:\/\/atas.devsrvr.net\/prodotto\/ecomer\/"},"modified":"2022-07-28T09:34:26","modified_gmt":"2022-07-28T07:34:26","slug":"ecomer","status":"publish","type":"product","link":"https:\/\/www.atassrl.it\/de\/produkt\/ecomer\/","title":{"rendered":"ECOMER"},"content":{"rendered":"<p style=\"font-weight: 400;\">Alkalische Formulierung f\u00fcr die Au\u00dfenw\u00e4sche von Fahrzeugen im Allgemeinen. Dank der enthaltenen Tensidsubstanzen l\u00f6st und emulgiert es schnell den auf der Karosserie vorhandenen Smog, Fett und Schmutz und hinterl\u00e4sst die Oberfl\u00e4chen perfekt sauber und gl\u00e4nzend. Es kann auch zum Entfetten von mechanischen Teilen und Au\u00dfenteilen von Motoren verwendet werden.<\/p>\n","protected":false},"excerpt":{"rendered":"<div><span lang=\"DE\">STARKES AUSSENWASCHMITTEL<\/span><\/div>\n","protected":false},"featured_media":4060,"template":"","meta":{"_acf_changed":false,"_seopress_robots_primary_cat":"","_seopress_titles_title":"","_seopress_titles_desc":"","_seopress_robots_index":"","_seopress_analysis_target_kw":""},"product_brand":[],"product_cat":[733,274],"product_tag":[],"class_list":{"0":"post-4237","1":"product","2":"type-product","3":"status-publish","4":"has-post-thumbnail","6":"product_cat-externe-waschungen","7":"product_cat-linea-atasdet-de","9":"first","10":"instock","11":"shipping-taxable","12":"product-type-variable"},"acf":[],"_links":{"self":[{"href":"https:\/\/www.atassrl.it\/de\/wp-json\/wp\/v2\/product\/4237","targetHints":{"allow":["GET"]}}],"collection":[{"href":"https:\/\/www.atassrl.it\/de\/wp-json\/wp\/v2\/product"}],"about":[{"href":"https:\/\/www.atassrl.it\/de\/wp-json\/wp\/v2\/types\/product"}],"wp:featuredmedia":[{"embeddable":true,"href":"https:\/\/www.atassrl.it\/de\/wp-json\/wp\/v2\/media\/4060"}],"wp:attachment":[{"href":"https:\/\/www.atassrl.it\/de\/wp-json\/wp\/v2\/media?parent=4237"}],"wp:term":[{"taxonomy":"product_brand","embeddable":true,"href":"https:\/\/www.atassrl.it\/de\/wp-json\/wp\/v2\/product_brand?post=4237"},{"taxonomy":"product_cat","embeddable":true,"href":"https:\/\/www.atassrl.it\/de\/wp-json\/wp\/v2\/product_cat?post=4237"},{"taxonomy":"product_tag","embeddable":true,"href":"https:\/\/www.atassrl.it\/de\/wp-json\/wp\/v2\/product_tag?post=4237"}],"curies":[{"name":"wp","href":"https:\/\/api.w.org\/{rel}","templated":true}]}}