{"id":4242,"date":"2019-07-09T15:41:01","date_gmt":"2019-07-09T13:41:01","guid":{"rendered":"http:\/\/atas.devsrvr.net\/prodotto\/demicar\/"},"modified":"2022-10-13T10:17:40","modified_gmt":"2022-10-13T08:17:40","slug":"nf-511","status":"publish","type":"product","link":"https:\/\/www.atassrl.it\/de\/produkt\/nf-511\/","title":{"rendered":"NF 511"},"content":{"rendered":"<p class=\"p1\">Spezielles alkalisches Reinigungsmittel, formuliert mit neuen Materialien mit reduzierter Umweltbelastung f\u00fcr einen weiteren Schritt in Richtung einer zunehmend umweltvertr\u00e4glichen Chemie.<br \/>\nMit hoher Waschkraft l\u00f6st es schnell Verkehrsschmutz und emulgiert fettige R\u00fcckst\u00e4nde tief. Es enth\u00e4lt biologisch leicht abbaubare Komplexbildner aus nat\u00fcrlichen und nachwachsenden Rohstoffen. Es enth\u00e4lt kein Phosphor. Im Durchschnitt sch\u00e4umend, kann es sowohl bei niedrigem als auch bei hohem Druck verwendet werden.<\/p>\n","protected":false},"excerpt":{"rendered":"<p class=\"p1\">PHOSPHORFREIES REINIGUNGSMITTEL<\/p>\n","protected":false},"featured_media":9436,"template":"","meta":{"_acf_changed":false,"_seopress_robots_primary_cat":"","_seopress_titles_title":"","_seopress_titles_desc":"","_seopress_robots_index":"","_seopress_analysis_target_kw":""},"product_brand":[],"product_cat":[274,815],"product_tag":[],"class_list":{"0":"post-4242","1":"product","2":"type-product","3":"status-publish","4":"has-post-thumbnail","6":"product_cat-linea-atasdet-de","7":"product_cat-outdoor-reiniger","9":"first","10":"instock","11":"shipping-taxable","12":"product-type-variable"},"acf":[],"_links":{"self":[{"href":"https:\/\/www.atassrl.it\/de\/wp-json\/wp\/v2\/product\/4242","targetHints":{"allow":["GET"]}}],"collection":[{"href":"https:\/\/www.atassrl.it\/de\/wp-json\/wp\/v2\/product"}],"about":[{"href":"https:\/\/www.atassrl.it\/de\/wp-json\/wp\/v2\/types\/product"}],"wp:featuredmedia":[{"embeddable":true,"href":"https:\/\/www.atassrl.it\/de\/wp-json\/wp\/v2\/media\/9436"}],"wp:attachment":[{"href":"https:\/\/www.atassrl.it\/de\/wp-json\/wp\/v2\/media?parent=4242"}],"wp:term":[{"taxonomy":"product_brand","embeddable":true,"href":"https:\/\/www.atassrl.it\/de\/wp-json\/wp\/v2\/product_brand?post=4242"},{"taxonomy":"product_cat","embeddable":true,"href":"https:\/\/www.atassrl.it\/de\/wp-json\/wp\/v2\/product_cat?post=4242"},{"taxonomy":"product_tag","embeddable":true,"href":"https:\/\/www.atassrl.it\/de\/wp-json\/wp\/v2\/product_tag?post=4242"}],"curies":[{"name":"wp","href":"https:\/\/api.w.org\/{rel}","templated":true}]}}