{"id":4247,"date":"2019-07-09T15:44:34","date_gmt":"2019-07-09T13:44:34","guid":{"rendered":"http:\/\/atas.devsrvr.net\/prodotto\/monostac\/"},"modified":"2022-10-13T10:25:07","modified_gmt":"2022-10-13T08:25:07","slug":"monostac","status":"publish","type":"product","link":"https:\/\/www.atassrl.it\/de\/produkt\/monostac\/","title":{"rendered":"MONOSTAC"},"content":{"rendered":"<p class=\"p1\"><span data-sheets-value=\"{&quot;1&quot;:2,&quot;2&quot;:&quot;KONZENTRIERTES WASCHMITTELnModerner Intensivreiniger f\u00fcr SB-Anlagen, schmilzt jede Art von Schmutz tief und schnell ohne zu b\u00fcrsten. Empfohlen f\u00fcr Planen, Fahrgestelle und mechanische Teile im Allgemeinen. Geruchloses, mittleres Schaummittel. Leicht aussp\u00fclbar, beh\u00e4lt auch bei besonders hartem Wasser seine Wirkungskraft unver\u00e4ndert bei.&quot;}\" data-sheets-userformat=\"{&quot;2&quot;:2819,&quot;3&quot;:{&quot;1&quot;:0},&quot;4&quot;:{&quot;1&quot;:2,&quot;2&quot;:16777215},&quot;11&quot;:4,&quot;12&quot;:0,&quot;14&quot;:{&quot;1&quot;:2,&quot;2&quot;:0}}\">Moderner Intensivreiniger f\u00fcr SB-Anlagen, schmilzt jede Art von Schmutz tief und schnell ohne zu b\u00fcrsten. Empfohlen f\u00fcr Planen, Fahrgestelle und mechanische Teile im Allgemeinen. Geruchloses, mittleres Schaummittel. Leicht aussp\u00fclbar, beh\u00e4lt auch bei besonders hartem Wasser seine Wirkungskraft unver\u00e4ndert bei.<\/span><\/p>\n","protected":false},"excerpt":{"rendered":"<p class=\"p1\"><span data-sheets-value=\"{&quot;1&quot;:2,&quot;2&quot;:&quot;KONZENTRIERTES WASCHMITTELnModerner Intensivreiniger f\u00fcr SB-Anlagen, schmilzt jede Art von Schmutz tief und schnell ohne zu b\u00fcrsten. Empfohlen f\u00fcr Planen, Fahrgestelle und mechanische Teile im Allgemeinen. Geruchloses, mittleres Schaummittel. Leicht aussp\u00fclbar, beh\u00e4lt auch bei besonders hartem Wasser seine Wirkungskraft unver\u00e4ndert bei.&quot;}\" data-sheets-userformat=\"{&quot;2&quot;:2819,&quot;3&quot;:{&quot;1&quot;:0},&quot;4&quot;:{&quot;1&quot;:2,&quot;2&quot;:16777215},&quot;11&quot;:4,&quot;12&quot;:0,&quot;14&quot;:{&quot;1&quot;:2,&quot;2&quot;:0}}\">KONZENTRIERTES WASCHMITTEL<\/p>\n<p><\/span><\/p>\n","protected":false},"featured_media":4119,"template":"","meta":{"_acf_changed":false,"_seopress_robots_primary_cat":"","_seopress_titles_title":"","_seopress_titles_desc":"","_seopress_robots_index":"","_seopress_analysis_target_kw":""},"product_brand":[],"product_cat":[274,815],"product_tag":[],"class_list":{"0":"post-4247","1":"product","2":"type-product","3":"status-publish","4":"has-post-thumbnail","6":"product_cat-linea-atasdet-de","7":"product_cat-outdoor-reiniger","9":"first","10":"instock","11":"shipping-taxable","12":"product-type-variable"},"acf":[],"_links":{"self":[{"href":"https:\/\/www.atassrl.it\/de\/wp-json\/wp\/v2\/product\/4247","targetHints":{"allow":["GET"]}}],"collection":[{"href":"https:\/\/www.atassrl.it\/de\/wp-json\/wp\/v2\/product"}],"about":[{"href":"https:\/\/www.atassrl.it\/de\/wp-json\/wp\/v2\/types\/product"}],"wp:featuredmedia":[{"embeddable":true,"href":"https:\/\/www.atassrl.it\/de\/wp-json\/wp\/v2\/media\/4119"}],"wp:attachment":[{"href":"https:\/\/www.atassrl.it\/de\/wp-json\/wp\/v2\/media?parent=4247"}],"wp:term":[{"taxonomy":"product_brand","embeddable":true,"href":"https:\/\/www.atassrl.it\/de\/wp-json\/wp\/v2\/product_brand?post=4247"},{"taxonomy":"product_cat","embeddable":true,"href":"https:\/\/www.atassrl.it\/de\/wp-json\/wp\/v2\/product_cat?post=4247"},{"taxonomy":"product_tag","embeddable":true,"href":"https:\/\/www.atassrl.it\/de\/wp-json\/wp\/v2\/product_tag?post=4247"}],"curies":[{"name":"wp","href":"https:\/\/api.w.org\/{rel}","templated":true}]}}