{"id":4250,"date":"2019-07-09T15:47:51","date_gmt":"2019-07-09T13:47:51","guid":{"rendered":"http:\/\/atas.devsrvr.net\/prodotto\/demilux\/"},"modified":"2022-07-28T09:41:06","modified_gmt":"2022-07-28T07:41:06","slug":"demilux","status":"publish","type":"product","link":"https:\/\/www.atassrl.it\/de\/produkt\/demilux\/","title":{"rendered":"DEMILUX"},"content":{"rendered":"<p style=\"font-weight: 400;\">Alkalischer 1-Komponenten-Reiniger mit hoher Wirksamkeit bei fettigen Verschmutzungen, Smog und \u00d6lr\u00fcckst\u00e4nden. Es wirkt schnell, ohne die behandelten Oberfl\u00e4chen zu besch\u00e4digen. Es l\u00e4sst sich leicht aussp\u00fclen und erzeugt einen weichen Schaum mit weichmachender Wirkung gegen Schmutz, der w\u00e4hrend des Sp\u00fclvorgangs endg\u00fcltig entfernt wird. In der Sommersaison auf gek\u00fchlten Oberfl\u00e4chen verwenden.<\/p>\n","protected":false},"excerpt":{"rendered":"<div><span lang=\"EN-GB\">POLIEREN WASCHMITTEL<\/span><\/div>\n","protected":false},"featured_media":4032,"template":"","meta":{"_acf_changed":false,"_seopress_robots_primary_cat":"","_seopress_titles_title":"","_seopress_titles_desc":"","_seopress_robots_index":"","_seopress_analysis_target_kw":""},"product_brand":[],"product_cat":[274,815],"product_tag":[],"class_list":{"0":"post-4250","1":"product","2":"type-product","3":"status-publish","4":"has-post-thumbnail","6":"product_cat-linea-atasdet-de","7":"product_cat-outdoor-reiniger","9":"first","10":"instock","11":"shipping-taxable","12":"product-type-variable"},"acf":[],"_links":{"self":[{"href":"https:\/\/www.atassrl.it\/de\/wp-json\/wp\/v2\/product\/4250","targetHints":{"allow":["GET"]}}],"collection":[{"href":"https:\/\/www.atassrl.it\/de\/wp-json\/wp\/v2\/product"}],"about":[{"href":"https:\/\/www.atassrl.it\/de\/wp-json\/wp\/v2\/types\/product"}],"wp:featuredmedia":[{"embeddable":true,"href":"https:\/\/www.atassrl.it\/de\/wp-json\/wp\/v2\/media\/4032"}],"wp:attachment":[{"href":"https:\/\/www.atassrl.it\/de\/wp-json\/wp\/v2\/media?parent=4250"}],"wp:term":[{"taxonomy":"product_brand","embeddable":true,"href":"https:\/\/www.atassrl.it\/de\/wp-json\/wp\/v2\/product_brand?post=4250"},{"taxonomy":"product_cat","embeddable":true,"href":"https:\/\/www.atassrl.it\/de\/wp-json\/wp\/v2\/product_cat?post=4250"},{"taxonomy":"product_tag","embeddable":true,"href":"https:\/\/www.atassrl.it\/de\/wp-json\/wp\/v2\/product_tag?post=4250"}],"curies":[{"name":"wp","href":"https:\/\/api.w.org\/{rel}","templated":true}]}}