{"id":4254,"date":"2019-07-09T15:50:24","date_gmt":"2019-07-09T13:50:24","guid":{"rendered":"http:\/\/atas.devsrvr.net\/prodotto\/netomax\/"},"modified":"2022-07-28T10:14:54","modified_gmt":"2022-07-28T08:14:54","slug":"netomax","status":"publish","type":"product","link":"https:\/\/www.atassrl.it\/de\/produkt\/netomax\/","title":{"rendered":"NETOMAX"},"content":{"rendered":"<p style=\"font-weight: 400;\">Hochkonzentrierter einphasiger alkalischer Reiniger, der sowohl f\u00fcr die Hochdruckreinigung in SB-Anlagen als auch mit Niederdruckvernebelung verwendet werden kann. M\u00e4\u00dfig sch\u00e4umend und leicht absp\u00fclbar, wirkt es schnell und endg\u00fcltig gegen Verkehrs- und Fettschmutz. Es kann auch f\u00fcr die Au\u00dfenw\u00e4sche von schweren Fahrzeugen und R\u00e4dern verwendet werden.<\/p>\n","protected":false},"excerpt":{"rendered":"<div><span lang=\"DE\">EXTRA-STARKER AUSSENREINIGER<\/span><\/div>\n","protected":false},"featured_media":4124,"template":"","meta":{"_acf_changed":false,"_seopress_robots_primary_cat":"","_seopress_titles_title":"","_seopress_titles_desc":"","_seopress_robots_index":"","_seopress_analysis_target_kw":""},"product_brand":[],"product_cat":[331,274],"product_tag":[],"class_list":{"0":"post-4254","1":"product","2":"type-product","3":"status-publish","4":"has-post-thumbnail","6":"product_cat-doppelte-komponente-aussenwaschmittel","7":"product_cat-linea-atasdet-de","9":"first","10":"instock","11":"shipping-taxable","12":"product-type-variable"},"acf":[],"_links":{"self":[{"href":"https:\/\/www.atassrl.it\/de\/wp-json\/wp\/v2\/product\/4254","targetHints":{"allow":["GET"]}}],"collection":[{"href":"https:\/\/www.atassrl.it\/de\/wp-json\/wp\/v2\/product"}],"about":[{"href":"https:\/\/www.atassrl.it\/de\/wp-json\/wp\/v2\/types\/product"}],"wp:featuredmedia":[{"embeddable":true,"href":"https:\/\/www.atassrl.it\/de\/wp-json\/wp\/v2\/media\/4124"}],"wp:attachment":[{"href":"https:\/\/www.atassrl.it\/de\/wp-json\/wp\/v2\/media?parent=4254"}],"wp:term":[{"taxonomy":"product_brand","embeddable":true,"href":"https:\/\/www.atassrl.it\/de\/wp-json\/wp\/v2\/product_brand?post=4254"},{"taxonomy":"product_cat","embeddable":true,"href":"https:\/\/www.atassrl.it\/de\/wp-json\/wp\/v2\/product_cat?post=4254"},{"taxonomy":"product_tag","embeddable":true,"href":"https:\/\/www.atassrl.it\/de\/wp-json\/wp\/v2\/product_tag?post=4254"}],"curies":[{"name":"wp","href":"https:\/\/api.w.org\/{rel}","templated":true}]}}