{"id":4257,"date":"2019-07-09T15:53:49","date_gmt":"2019-07-09T13:53:49","guid":{"rendered":"http:\/\/atas.devsrvr.net\/prodotto\/dimer-2\/"},"modified":"2022-07-28T09:54:55","modified_gmt":"2022-07-28T07:54:55","slug":"dimer-2","status":"publish","type":"product","link":"https:\/\/www.atassrl.it\/de\/produkt\/dimer-2\/","title":{"rendered":"DIMER"},"content":{"rendered":"<p style=\"font-weight: 400;\">Zweikomponenten mit garantierter Qualit\u00e4t mit super entfettender Wirkung auch auf alten Verkrustungen: es l\u00f6st den Verkehrsfilm, ohne Lacke und Metalle anzugreifen. Es ist vielseitig einsetzbar und eignet sich f\u00fcr Autos, Lastwagen, K\u00fchlschr\u00e4nke, Motoren, Seitenw\u00e4nde von Kisten und kann auch f\u00fcr B\u00f6den und Einrichtungen von Feinkostgesch\u00e4ften, \u00d6lm\u00fchlen und Schlachth\u00f6fen verwendet werden. Wir k\u00f6nnen es als unser meistverkauftes Produkt betrachten. Mit Wasser verd\u00fcnnen.<\/p>\n","protected":false},"excerpt":{"rendered":"<div><span lang=\"DE\">HOCHKONZENTRIERTER AUSSENREINIGER<\/span><\/div>\n","protected":false},"featured_media":4043,"template":"","meta":{"_acf_changed":false,"_seopress_robots_primary_cat":"","_seopress_titles_title":"","_seopress_titles_desc":"","_seopress_robots_index":"","_seopress_analysis_target_kw":""},"product_brand":[],"product_cat":[331,274],"product_tag":[],"class_list":{"0":"post-4257","1":"product","2":"type-product","3":"status-publish","4":"has-post-thumbnail","6":"product_cat-doppelte-komponente-aussenwaschmittel","7":"product_cat-linea-atasdet-de","9":"first","10":"instock","11":"shipping-taxable","12":"product-type-variable"},"acf":[],"_links":{"self":[{"href":"https:\/\/www.atassrl.it\/de\/wp-json\/wp\/v2\/product\/4257","targetHints":{"allow":["GET"]}}],"collection":[{"href":"https:\/\/www.atassrl.it\/de\/wp-json\/wp\/v2\/product"}],"about":[{"href":"https:\/\/www.atassrl.it\/de\/wp-json\/wp\/v2\/types\/product"}],"wp:featuredmedia":[{"embeddable":true,"href":"https:\/\/www.atassrl.it\/de\/wp-json\/wp\/v2\/media\/4043"}],"wp:attachment":[{"href":"https:\/\/www.atassrl.it\/de\/wp-json\/wp\/v2\/media?parent=4257"}],"wp:term":[{"taxonomy":"product_brand","embeddable":true,"href":"https:\/\/www.atassrl.it\/de\/wp-json\/wp\/v2\/product_brand?post=4257"},{"taxonomy":"product_cat","embeddable":true,"href":"https:\/\/www.atassrl.it\/de\/wp-json\/wp\/v2\/product_cat?post=4257"},{"taxonomy":"product_tag","embeddable":true,"href":"https:\/\/www.atassrl.it\/de\/wp-json\/wp\/v2\/product_tag?post=4257"}],"curies":[{"name":"wp","href":"https:\/\/api.w.org\/{rel}","templated":true}]}}