{"id":4260,"date":"2019-07-09T15:56:34","date_gmt":"2019-07-09T13:56:34","guid":{"rendered":"http:\/\/atas.devsrvr.net\/prodotto\/for-est\/"},"modified":"2022-07-28T09:56:12","modified_gmt":"2022-07-28T07:56:12","slug":"for-est","status":"publish","type":"product","link":"https:\/\/www.atassrl.it\/de\/produkt\/for-est\/","title":{"rendered":"FOR-EST"},"content":{"rendered":"<p style=\"font-weight: 400;\">Konzentriertes Zweikomponentenprodukt, geeignet zum Reinigen und Entfetten von Autos, Lastwagen, Planen, Tanks, Erdbewegungsmaschinen und schwierigen Verschmutzungen im Allgemeinen. Dieses langsam verdunstende Produkt, das als eines der st\u00e4rksten in unserem Sortiment gilt, ist geruchlos und leicht abzusp\u00fclen und greift weder Lacke noch Kunststoffe oder Gummi an. M\u00e4\u00dfig sch\u00e4umend verleiht es den behandelten Oberfl\u00e4chen Glanz und kann auch im Sommer bedenkenlos verwendet werden.<\/p>\n","protected":false},"excerpt":{"rendered":"<div><span lang=\"DE\">PHOSPHATFREIES AUSSENREINIGUNGSMITTEL<\/span><\/div>\n","protected":false},"featured_media":4084,"template":"","meta":{"_acf_changed":false,"_seopress_robots_primary_cat":"","_seopress_titles_title":"","_seopress_titles_desc":"","_seopress_robots_index":"","_seopress_analysis_target_kw":""},"product_brand":[],"product_cat":[331,274],"product_tag":[],"class_list":{"0":"post-4260","1":"product","2":"type-product","3":"status-publish","4":"has-post-thumbnail","6":"product_cat-doppelte-komponente-aussenwaschmittel","7":"product_cat-linea-atasdet-de","9":"first","10":"instock","11":"shipping-taxable","12":"product-type-variable"},"acf":[],"_links":{"self":[{"href":"https:\/\/www.atassrl.it\/de\/wp-json\/wp\/v2\/product\/4260","targetHints":{"allow":["GET"]}}],"collection":[{"href":"https:\/\/www.atassrl.it\/de\/wp-json\/wp\/v2\/product"}],"about":[{"href":"https:\/\/www.atassrl.it\/de\/wp-json\/wp\/v2\/types\/product"}],"wp:featuredmedia":[{"embeddable":true,"href":"https:\/\/www.atassrl.it\/de\/wp-json\/wp\/v2\/media\/4084"}],"wp:attachment":[{"href":"https:\/\/www.atassrl.it\/de\/wp-json\/wp\/v2\/media?parent=4260"}],"wp:term":[{"taxonomy":"product_brand","embeddable":true,"href":"https:\/\/www.atassrl.it\/de\/wp-json\/wp\/v2\/product_brand?post=4260"},{"taxonomy":"product_cat","embeddable":true,"href":"https:\/\/www.atassrl.it\/de\/wp-json\/wp\/v2\/product_cat?post=4260"},{"taxonomy":"product_tag","embeddable":true,"href":"https:\/\/www.atassrl.it\/de\/wp-json\/wp\/v2\/product_tag?post=4260"}],"curies":[{"name":"wp","href":"https:\/\/api.w.org\/{rel}","templated":true}]}}