{"id":4263,"date":"2019-07-09T15:59:27","date_gmt":"2019-07-09T13:59:27","guid":{"rendered":"http:\/\/atas.devsrvr.net\/prodotto\/falcom\/"},"modified":"2022-07-28T10:00:22","modified_gmt":"2022-07-28T08:00:22","slug":"falcom","status":"publish","type":"product","link":"https:\/\/www.atassrl.it\/de\/produkt\/falcom\/","title":{"rendered":"FALCOM"},"content":{"rendered":"<p style=\"font-weight: 400;\">Hochkonzentrierte alkalische Zweikomponentenl\u00f6sung f\u00fcr besonders anspruchsvolle Reinigung. Es hat eine hohe Entfettungs- und Reinigungswirkung auf alle Arten von Verschmutzungen, seien es organische oder anorganische Fette, Smog, Erde oder \u00d6lr\u00fcckst\u00e4nde. Geeignet f\u00fcr die Au\u00dfenreinigung von Eisenbahnwaggons, Erdbewegungsmaschinen, Planenanh\u00e4ngern, Stahltanks, Containern, Br\u00fcckenkr\u00e4nen, Kr\u00e4nen und mechanischen Teilen im Allgemeinen. Mit Wasser verd\u00fcnnen.<\/p>\n","protected":false},"excerpt":{"rendered":"<p style=\"font-weight: 400;\">REINIGUNGSMITTEL F\u00dcR ZUG, BAGGER UND BR\u00dcCKENKRAN<\/p>\n","protected":false},"featured_media":4081,"template":"","meta":{"_acf_changed":false,"_seopress_robots_primary_cat":"","_seopress_titles_title":"","_seopress_titles_desc":"","_seopress_robots_index":"","_seopress_analysis_target_kw":""},"product_brand":[],"product_cat":[331,274],"product_tag":[],"class_list":{"0":"post-4263","1":"product","2":"type-product","3":"status-publish","4":"has-post-thumbnail","6":"product_cat-doppelte-komponente-aussenwaschmittel","7":"product_cat-linea-atasdet-de","9":"first","10":"instock","11":"shipping-taxable","12":"product-type-variable"},"acf":[],"_links":{"self":[{"href":"https:\/\/www.atassrl.it\/de\/wp-json\/wp\/v2\/product\/4263","targetHints":{"allow":["GET"]}}],"collection":[{"href":"https:\/\/www.atassrl.it\/de\/wp-json\/wp\/v2\/product"}],"about":[{"href":"https:\/\/www.atassrl.it\/de\/wp-json\/wp\/v2\/types\/product"}],"wp:featuredmedia":[{"embeddable":true,"href":"https:\/\/www.atassrl.it\/de\/wp-json\/wp\/v2\/media\/4081"}],"wp:attachment":[{"href":"https:\/\/www.atassrl.it\/de\/wp-json\/wp\/v2\/media?parent=4263"}],"wp:term":[{"taxonomy":"product_brand","embeddable":true,"href":"https:\/\/www.atassrl.it\/de\/wp-json\/wp\/v2\/product_brand?post=4263"},{"taxonomy":"product_cat","embeddable":true,"href":"https:\/\/www.atassrl.it\/de\/wp-json\/wp\/v2\/product_cat?post=4263"},{"taxonomy":"product_tag","embeddable":true,"href":"https:\/\/www.atassrl.it\/de\/wp-json\/wp\/v2\/product_tag?post=4263"}],"curies":[{"name":"wp","href":"https:\/\/api.w.org\/{rel}","templated":true}]}}