{"id":4266,"date":"2019-07-09T16:09:27","date_gmt":"2019-07-09T14:09:27","guid":{"rendered":"http:\/\/atas.devsrvr.net\/prodotto\/stem-2f\/"},"modified":"2022-07-28T09:46:48","modified_gmt":"2022-07-28T07:46:48","slug":"stem-2f","status":"publish","type":"product","link":"https:\/\/www.atassrl.it\/de\/produkt\/stem-2f\/","title":{"rendered":"STEM 2F"},"content":{"rendered":"<p style=\"font-weight: 400;\">Das perfekte Gleichgewicht der beiden Phasen dieses Produkts ist f\u00fcr Autos und schwere Fahrzeuge geeignet und sorgt f\u00fcr hervorragende Reinigungsergebnisse bei organischem und anorganischem Schmutz ohne Verwendung von B\u00fcrsten. Es enth\u00e4lt Tenside mit hoher Durchdringungskraft und l\u00e4sst sich leicht aussp\u00fclen. Mit Wasser verd\u00fcnnen. Die \u201eTR\u201c-Version mit weniger Aktiv ist ebenfalls erh\u00e4ltlich.<\/p>\n","protected":false},"excerpt":{"rendered":"<p style=\"font-weight: 400;\">KONZENTRIERTES REINIGUNGSMITTEL F\u00dcR DEN AUSSENBEREICH<\/p>\n","protected":false},"featured_media":4161,"template":"","meta":{"_acf_changed":false,"_seopress_robots_primary_cat":"","_seopress_titles_title":"","_seopress_titles_desc":"","_seopress_robots_index":"","_seopress_analysis_target_kw":""},"product_brand":[],"product_cat":[331,274],"product_tag":[],"class_list":{"0":"post-4266","1":"product","2":"type-product","3":"status-publish","4":"has-post-thumbnail","6":"product_cat-doppelte-komponente-aussenwaschmittel","7":"product_cat-linea-atasdet-de","9":"first","10":"instock","11":"shipping-taxable","12":"product-type-variable"},"acf":[],"_links":{"self":[{"href":"https:\/\/www.atassrl.it\/de\/wp-json\/wp\/v2\/product\/4266","targetHints":{"allow":["GET"]}}],"collection":[{"href":"https:\/\/www.atassrl.it\/de\/wp-json\/wp\/v2\/product"}],"about":[{"href":"https:\/\/www.atassrl.it\/de\/wp-json\/wp\/v2\/types\/product"}],"wp:featuredmedia":[{"embeddable":true,"href":"https:\/\/www.atassrl.it\/de\/wp-json\/wp\/v2\/media\/4161"}],"wp:attachment":[{"href":"https:\/\/www.atassrl.it\/de\/wp-json\/wp\/v2\/media?parent=4266"}],"wp:term":[{"taxonomy":"product_brand","embeddable":true,"href":"https:\/\/www.atassrl.it\/de\/wp-json\/wp\/v2\/product_brand?post=4266"},{"taxonomy":"product_cat","embeddable":true,"href":"https:\/\/www.atassrl.it\/de\/wp-json\/wp\/v2\/product_cat?post=4266"},{"taxonomy":"product_tag","embeddable":true,"href":"https:\/\/www.atassrl.it\/de\/wp-json\/wp\/v2\/product_tag?post=4266"}],"curies":[{"name":"wp","href":"https:\/\/api.w.org\/{rel}","templated":true}]}}