{"id":4269,"date":"2019-07-09T16:12:30","date_gmt":"2019-07-09T14:12:30","guid":{"rendered":"http:\/\/atas.devsrvr.net\/prodotto\/rem-e\/"},"modified":"2022-07-28T09:53:26","modified_gmt":"2022-07-28T07:53:26","slug":"rem-e","status":"publish","type":"product","link":"https:\/\/www.atassrl.it\/de\/produkt\/rem-e\/","title":{"rendered":"REM E"},"content":{"rendered":"<p style=\"font-weight: 400;\">Zweikomponenten-Waschmittel, geeignet zum Waschen ohne Schwamm f\u00fcr alle Fahrzeugtypen. Reich an Waschsubstanzen mit hoher Emulgier- und Sequestrierkraft, beseitigt es m\u00fchelos fettige und \u00f6lige Verschmutzungen organischer und anorganischer Natur, \u00d6lr\u00fcckst\u00e4nde, Smog und Schmutz. L\u00e4sst sich leicht aussp\u00fclen, hinterl\u00e4sst keine R\u00fcckst\u00e4nde und verstopft Filter und D\u00fcsen nicht.<\/p>\n","protected":false},"excerpt":{"rendered":"<p style=\"font-weight: 400;\">KONZENTRIERTES BIPHASIS-AUSSENWASCHMITTEL<\/p>\n","protected":false},"featured_media":4147,"template":"","meta":{"_acf_changed":false,"_seopress_robots_primary_cat":"","_seopress_titles_title":"","_seopress_titles_desc":"","_seopress_robots_index":"","_seopress_analysis_target_kw":""},"product_brand":[],"product_cat":[331,274],"product_tag":[],"class_list":{"0":"post-4269","1":"product","2":"type-product","3":"status-publish","4":"has-post-thumbnail","6":"product_cat-doppelte-komponente-aussenwaschmittel","7":"product_cat-linea-atasdet-de","9":"first","10":"instock","11":"shipping-taxable","12":"product-type-simple"},"acf":[],"_links":{"self":[{"href":"https:\/\/www.atassrl.it\/de\/wp-json\/wp\/v2\/product\/4269","targetHints":{"allow":["GET"]}}],"collection":[{"href":"https:\/\/www.atassrl.it\/de\/wp-json\/wp\/v2\/product"}],"about":[{"href":"https:\/\/www.atassrl.it\/de\/wp-json\/wp\/v2\/types\/product"}],"wp:featuredmedia":[{"embeddable":true,"href":"https:\/\/www.atassrl.it\/de\/wp-json\/wp\/v2\/media\/4147"}],"wp:attachment":[{"href":"https:\/\/www.atassrl.it\/de\/wp-json\/wp\/v2\/media?parent=4269"}],"wp:term":[{"taxonomy":"product_brand","embeddable":true,"href":"https:\/\/www.atassrl.it\/de\/wp-json\/wp\/v2\/product_brand?post=4269"},{"taxonomy":"product_cat","embeddable":true,"href":"https:\/\/www.atassrl.it\/de\/wp-json\/wp\/v2\/product_cat?post=4269"},{"taxonomy":"product_tag","embeddable":true,"href":"https:\/\/www.atassrl.it\/de\/wp-json\/wp\/v2\/product_tag?post=4269"}],"curies":[{"name":"wp","href":"https:\/\/api.w.org\/{rel}","templated":true}]}}